{"id":91,"date":"2024-05-04T15:05:41","date_gmt":"2024-05-04T13:05:41","guid":{"rendered":"https:\/\/plumesdelles.org\/?page_id=91"},"modified":"2024-05-12T21:19:31","modified_gmt":"2024-05-12T19:19:31","slug":"frisorama","status":"publish","type":"page","link":"https:\/\/plumesdelles.org\/?page_id=91","title":{"rendered":"Frisorama"},"content":{"rendered":"\n<div class=\"wp-block-group is-nowrap is-layout-flex wp-container-core-group-is-layout-6c531013 wp-block-group-is-layout-flex\">\n<figure class=\"wp-block-image size-large\"><img loading=\"lazy\" decoding=\"async\" width=\"1024\" height=\"576\" src=\"http:\/\/plumesdelles.org\/wp-content\/uploads\/2024\/05\/frisorama-3-1024x576.jpg\" alt=\"\" class=\"wp-image-128\" srcset=\"https:\/\/plumesdelles.org\/wp-content\/uploads\/2024\/05\/frisorama-3-1024x576.jpg 1024w, https:\/\/plumesdelles.org\/wp-content\/uploads\/2024\/05\/frisorama-3-300x169.jpg 300w, https:\/\/plumesdelles.org\/wp-content\/uploads\/2024\/05\/frisorama-3-768x432.jpg 768w, https:\/\/plumesdelles.org\/wp-content\/uploads\/2024\/05\/frisorama-3-1536x864.jpg 1536w, https:\/\/plumesdelles.org\/wp-content\/uploads\/2024\/05\/frisorama-3-2048x1152.jpg 2048w, https:\/\/plumesdelles.org\/wp-content\/uploads\/2024\/05\/frisorama-3-1170x658.jpg 1170w\" sizes=\"auto, (max-width: 1024px) 100vw, 1024px\" \/><\/figure>\n<\/div>\n\n\n\n<p>Des lettres souffl\u00e9es \u00e0 votre esprit\u2026 Une machine \u00e0 remonter dans l\u2019intimit\u00e9\u2026<br>Un casque de mise en plis. Asseyez-vous. On vous met le casque sur les oreilles. Pr\u00eat pour friser un peu ?<br>C\u2019est parti !<br>Cela peut durer 3 minutes, 10 minutes\u2026 Tout d\u00e9pend de vos envies. Parlez-en avec le coiffeur !<\/p>\n\n\n\n<div class=\"wp-block-columns is-layout-flex wp-container-core-columns-is-layout-28f84493 wp-block-columns-is-layout-flex\">\n<div class=\"wp-block-column is-layout-flow wp-block-column-is-layout-flow\">\n<p><mark style=\"background-color:rgba(0, 0, 0, 0);color:#ec0b0b\" class=\"has-inline-color\">Cr\u00e9ation<\/mark> <strong>Cie Plumes d\u2019Elles<br><\/strong><mark style=\"background-color:rgba(0, 0, 0, 0);color:#f60404\" class=\"has-inline-color\">Avec le soutien<\/mark> de la <strong>DRAC Occitanie, la Fondation du Cr\u00e9dit Mutuel<\/strong><br><mark style=\"background-color:rgba(0, 0, 0, 0);color:#f90505\" class=\"has-inline-color\">En partenariat<\/mark> avec <strong>l&rsquo;association 7 Anim\u00e9s<\/strong><br><mark style=\"background-color:rgba(0, 0, 0, 0);color:#f70202\" class=\"has-inline-color\">Lectures et cr\u00e9ations sonores<\/mark> <strong>St\u00e9phanie Fontez, St\u00e9phane Barascud<\/strong><br><mark style=\"background-color:rgba(0, 0, 0, 0);color:#f80202\" class=\"has-inline-color\">Lectures<\/mark> <strong>tous les enfants et adultes qui ont particip\u00e9 au projet !<\/strong><br><mark style=\"background-color:rgba(0, 0, 0, 0);color:#f40202\" class=\"has-inline-color\">R\u00e9gie g\u00e9n\u00e9rale<\/mark> <strong>S\u00e9thavuth Horn<\/strong><br><mark style=\"background-color:rgba(0, 0, 0, 0);color:#f10202\" class=\"has-inline-color\">Cr\u00e9ation graphique<\/mark> <strong>Benjamin Grani\u00e9<\/strong><br><strong>MERCI \u00e0 tous ceux qui nous ont offert leurs lettres et qui continuent \u00e0 le faire !!!<\/strong><\/p>\n<\/div>\n\n\n\n<div class=\"wp-block-column is-layout-flow wp-block-column-is-layout-flow\">\n<p><strong><mark style=\"background-color:rgba(0, 0, 0, 0);color:#68cf02\" class=\"has-inline-color\">FAITES PASSER LE FACTEUR \u2026<\/mark><br><\/strong>Si vous avez des lettres, anciennes, in\u00e9dites, belles, dr\u00f4les\u2026<br>Et que vous souhaitez les faire entendre, les partager\u2026<\/p>\n\n\n\n<div class=\"wp-block-buttons is-content-justification-center is-layout-flex wp-container-core-buttons-is-layout-a89b3969 wp-block-buttons-is-layout-flex\">\n\n\n<div class=\"wp-block-button is-style-outline is-style-outline--2\"><a class=\"wp-block-button__link wp-element-button\" href=\"http:\/\/plumesdelles.org\/wp-content\/uploads\/2024\/05\/dossier-Frisorama.pdf\" target=\"_blank\" rel=\"noreferrer noopener\">LE DOSSIER<\/a><\/div>\n<\/div>\n<\/div>\n<\/div>\n\n\n\n<div class=\"wp-block-group is-content-justification-space-between is-nowrap is-layout-flex wp-container-core-group-is-layout-cb46ffcb wp-block-group-is-layout-flex\">\n<figure class=\"wp-block-image size-full is-resized\"><img loading=\"lazy\" decoding=\"async\" width=\"528\" height=\"826\" src=\"http:\/\/plumesdelles.org\/wp-content\/uploads\/2024\/05\/FCM-Lecture-Logo-Q-PourAffiche.jpg\" alt=\"\" class=\"wp-image-42\" style=\"width:87px;height:auto\" srcset=\"https:\/\/plumesdelles.org\/wp-content\/uploads\/2024\/05\/FCM-Lecture-Logo-Q-PourAffiche.jpg 528w, https:\/\/plumesdelles.org\/wp-content\/uploads\/2024\/05\/FCM-Lecture-Logo-Q-PourAffiche-192x300.jpg 192w\" sizes=\"auto, (max-width: 528px) 100vw, 528px\" \/><\/figure>\n\n\n\n<figure class=\"wp-block-image size-full is-resized\"><img loading=\"lazy\" decoding=\"async\" width=\"501\" height=\"641\" src=\"http:\/\/plumesdelles.org\/wp-content\/uploads\/2024\/05\/Logo_Pref_Occitanie.jpg\" alt=\"\" class=\"wp-image-40\" style=\"width:90px;height:auto\" srcset=\"https:\/\/plumesdelles.org\/wp-content\/uploads\/2024\/05\/Logo_Pref_Occitanie.jpg 501w, https:\/\/plumesdelles.org\/wp-content\/uploads\/2024\/05\/Logo_Pref_Occitanie-234x300.jpg 234w\" sizes=\"auto, (max-width: 501px) 100vw, 501px\" \/><\/figure>\n\n\n\n<figure class=\"wp-block-image size-full is-resized\"><img loading=\"lazy\" decoding=\"async\" width=\"283\" height=\"283\" src=\"http:\/\/plumesdelles.org\/wp-content\/uploads\/2024\/05\/logo-7-A-copie.png\" alt=\"\" class=\"wp-image-44\" style=\"width:113px;height:auto\" srcset=\"https:\/\/plumesdelles.org\/wp-content\/uploads\/2024\/05\/logo-7-A-copie.png 283w, https:\/\/plumesdelles.org\/wp-content\/uploads\/2024\/05\/logo-7-A-copie-150x150.png 150w\" sizes=\"auto, (max-width: 283px) 100vw, 283px\" \/><\/figure>\n<\/div>\n","protected":false},"excerpt":{"rendered":"<p>Des lettres souffl\u00e9es \u00e0 votre esprit\u2026 Une machine \u00e0 remonter dans l\u2019intimit\u00e9\u2026Un casque de mise en plis. Asseyez-vous. On vous met le casque sur les oreilles. Pr\u00eat pour friser un peu ?C\u2019est parti !Cela peut durer 3 minutes, 10 minutes\u2026 Tout d\u00e9pend de vos envies. Parlez-en avec le coiffeur ! Cr\u00e9ation Cie Plumes d\u2019EllesAvec le [&hellip;]<\/p>\n","protected":false},"author":1,"featured_media":24,"parent":0,"menu_order":0,"comment_status":"closed","ping_status":"closed","template":"","meta":{"footnotes":""},"class_list":["post-91","page","type-page","status-publish","has-post-thumbnail","hentry"],"_links":{"self":[{"href":"https:\/\/plumesdelles.org\/index.php?rest_route=\/wp\/v2\/pages\/91","targetHints":{"allow":["GET"]}}],"collection":[{"href":"https:\/\/plumesdelles.org\/index.php?rest_route=\/wp\/v2\/pages"}],"about":[{"href":"https:\/\/plumesdelles.org\/index.php?rest_route=\/wp\/v2\/types\/page"}],"author":[{"embeddable":true,"href":"https:\/\/plumesdelles.org\/index.php?rest_route=\/wp\/v2\/users\/1"}],"replies":[{"embeddable":true,"href":"https:\/\/plumesdelles.org\/index.php?rest_route=%2Fwp%2Fv2%2Fcomments&post=91"}],"version-history":[{"count":18,"href":"https:\/\/plumesdelles.org\/index.php?rest_route=\/wp\/v2\/pages\/91\/revisions"}],"predecessor-version":[{"id":229,"href":"https:\/\/plumesdelles.org\/index.php?rest_route=\/wp\/v2\/pages\/91\/revisions\/229"}],"wp:featuredmedia":[{"embeddable":true,"href":"https:\/\/plumesdelles.org\/index.php?rest_route=\/wp\/v2\/media\/24"}],"wp:attachment":[{"href":"https:\/\/plumesdelles.org\/index.php?rest_route=%2Fwp%2Fv2%2Fmedia&parent=91"}],"curies":[{"name":"wp","href":"https:\/\/api.w.org\/{rel}","templated":true}]}}