{"id":448,"date":"2025-09-04T08:51:31","date_gmt":"2025-09-04T06:51:31","guid":{"rendered":"https:\/\/plumesdelles.org\/?page_id=448"},"modified":"2025-09-04T08:51:31","modified_gmt":"2025-09-04T06:51:31","slug":"cbh","status":"publish","type":"page","link":"https:\/\/plumesdelles.org\/?page_id=448","title":{"rendered":"CBH"},"content":{"rendered":"\n<figure class=\"wp-block-image aligncenter size-large is-resized\"><img loading=\"lazy\" decoding=\"async\" width=\"1024\" height=\"1024\" src=\"http:\/\/plumesdelles.org\/wp-content\/uploads\/2024\/07\/Essayez-le-CBH--1024x1024.png\" alt=\"\" class=\"wp-image-435\" style=\"width:250px;height:auto\" srcset=\"https:\/\/plumesdelles.org\/wp-content\/uploads\/2024\/07\/Essayez-le-CBH--1024x1024.png 1024w, https:\/\/plumesdelles.org\/wp-content\/uploads\/2024\/07\/Essayez-le-CBH--300x300.png 300w, https:\/\/plumesdelles.org\/wp-content\/uploads\/2024\/07\/Essayez-le-CBH--150x150.png 150w, https:\/\/plumesdelles.org\/wp-content\/uploads\/2024\/07\/Essayez-le-CBH--768x768.png 768w, https:\/\/plumesdelles.org\/wp-content\/uploads\/2024\/07\/Essayez-le-CBH--1536x1536.png 1536w, https:\/\/plumesdelles.org\/wp-content\/uploads\/2024\/07\/Essayez-le-CBH--1170x1170.png 1170w, https:\/\/plumesdelles.org\/wp-content\/uploads\/2024\/07\/Essayez-le-CBH-.png 1563w\" sizes=\"auto, (max-width: 1024px) 100vw, 1024px\" \/><\/figure>\n\n\n\n<p class=\"has-text-align-center\">Le <strong><mark style=\"background-color:rgba(0, 0, 0, 0)\" class=\"has-inline-color has-custom-couleur-1-color\">C<\/mark><\/strong>onvoi de <strong><mark style=\"background-color:rgba(0, 0, 0, 0)\" class=\"has-inline-color has-custom-couleur-1-color\">B<\/mark><\/strong>onne <strong><mark style=\"background-color:rgba(0, 0, 0, 0)\" class=\"has-inline-color has-custom-couleur-1-color\">H<\/mark><\/strong>umeur intervient dans la rue, dans un jardin, une biblioth\u00e8que, une \u00e9cole, un march\u00e9&#8230; et il diffuse de la bonne humeur ! Ombrelles \u00e0 po\u00e8mes, murmures \u00e0 l&rsquo;oreille, cartes postales voyageuses, histoires dr\u00f4les&#8230; Fa\u00eetes appel \u00e0 nous !<\/p>\n\n\n\n<p class=\"has-text-align-center\"><\/p>\n\n\n\n<figure class=\"wp-block-image aligncenter size-large is-resized\"><img loading=\"lazy\" decoding=\"async\" width=\"1024\" height=\"768\" src=\"https:\/\/plumesdelles.org\/wp-content\/uploads\/2025\/09\/418C4FF6-6837-4A56-8162-8187654E381B-1024x768.jpg\" alt=\"\" class=\"wp-image-449\" style=\"width:530px;height:auto\" srcset=\"https:\/\/plumesdelles.org\/wp-content\/uploads\/2025\/09\/418C4FF6-6837-4A56-8162-8187654E381B-1024x768.jpg 1024w, https:\/\/plumesdelles.org\/wp-content\/uploads\/2025\/09\/418C4FF6-6837-4A56-8162-8187654E381B-300x225.jpg 300w, https:\/\/plumesdelles.org\/wp-content\/uploads\/2025\/09\/418C4FF6-6837-4A56-8162-8187654E381B-768x576.jpg 768w, https:\/\/plumesdelles.org\/wp-content\/uploads\/2025\/09\/418C4FF6-6837-4A56-8162-8187654E381B-1536x1152.jpg 1536w, https:\/\/plumesdelles.org\/wp-content\/uploads\/2025\/09\/418C4FF6-6837-4A56-8162-8187654E381B-1170x878.jpg 1170w, https:\/\/plumesdelles.org\/wp-content\/uploads\/2025\/09\/418C4FF6-6837-4A56-8162-8187654E381B.jpg 1600w\" sizes=\"auto, (max-width: 1024px) 100vw, 1024px\" \/><\/figure>\n\n\n\n<p class=\"has-text-align-center\"><strong><mark style=\"background-color:rgba(0, 0, 0, 0)\" class=\"has-inline-color has-custom-couleur-1-color\">Cr\u00e9ation<\/mark> <\/strong>: Cie Plumes d\u2019Elles, avec Alliances et Cultures<\/p>\n\n\n\n<p class=\"has-text-align-center\"><strong><mark style=\"background-color:rgba(0, 0, 0, 0)\" class=\"has-inline-color has-custom-couleur-1-color\">Avec le soutien de<\/mark><\/strong> : la Conf\u00e9rence des Financeurs de Haute-Garonne<\/p>\n\n\n\n<hr class=\"wp-block-separator has-alpha-channel-opacity\"\/>\n\n\n\n<div class=\"wp-block-group is-layout-constrained wp-block-group-is-layout-constrained\">\n<div class=\"wp-block-columns is-layout-flex wp-container-core-columns-is-layout-28f84493 wp-block-columns-is-layout-flex\">\n<div class=\"wp-block-column is-layout-flow wp-block-column-is-layout-flow\">\n<figure class=\"wp-block-image size-large\"><img loading=\"lazy\" decoding=\"async\" width=\"1024\" height=\"591\" src=\"http:\/\/plumesdelles.org\/wp-content\/uploads\/2024\/05\/LOGO-AC-1024x591.png\" alt=\"\" class=\"wp-image-45\" srcset=\"https:\/\/plumesdelles.org\/wp-content\/uploads\/2024\/05\/LOGO-AC-1024x591.png 1024w, https:\/\/plumesdelles.org\/wp-content\/uploads\/2024\/05\/LOGO-AC-300x173.png 300w, https:\/\/plumesdelles.org\/wp-content\/uploads\/2024\/05\/LOGO-AC-768x443.png 768w, https:\/\/plumesdelles.org\/wp-content\/uploads\/2024\/05\/LOGO-AC-1536x886.png 1536w, https:\/\/plumesdelles.org\/wp-content\/uploads\/2024\/05\/LOGO-AC.png 1548w\" sizes=\"auto, (max-width: 1024px) 100vw, 1024px\" \/><\/figure>\n<\/div>\n\n\n\n<div class=\"wp-block-column is-layout-flow wp-block-column-is-layout-flow\">\n<figure class=\"wp-block-image aligncenter size-full is-resized\"><img loading=\"lazy\" decoding=\"async\" width=\"331\" height=\"152\" src=\"http:\/\/plumesdelles.org\/wp-content\/uploads\/2024\/05\/centre-social-raymond-IV.jpg\" alt=\"\" class=\"wp-image-38\" style=\"width:183px;height:auto\" srcset=\"https:\/\/plumesdelles.org\/wp-content\/uploads\/2024\/05\/centre-social-raymond-IV.jpg 331w, https:\/\/plumesdelles.org\/wp-content\/uploads\/2024\/05\/centre-social-raymond-IV-300x138.jpg 300w\" sizes=\"auto, (max-width: 331px) 100vw, 331px\" \/><\/figure>\n<\/div>\n\n\n\n<div class=\"wp-block-column is-layout-flow wp-block-column-is-layout-flow\">\n<figure class=\"wp-block-image aligncenter size-large is-resized\"><img loading=\"lazy\" decoding=\"async\" width=\"592\" height=\"1024\" src=\"http:\/\/plumesdelles.org\/wp-content\/uploads\/2024\/05\/20150418094348Logo_CD31_haute_garonne-592x1024.png\" alt=\"\" class=\"wp-image-30\" style=\"width:64px;height:auto\" srcset=\"https:\/\/plumesdelles.org\/wp-content\/uploads\/2024\/05\/20150418094348Logo_CD31_haute_garonne-592x1024.png 592w, https:\/\/plumesdelles.org\/wp-content\/uploads\/2024\/05\/20150418094348Logo_CD31_haute_garonne-173x300.png 173w, https:\/\/plumesdelles.org\/wp-content\/uploads\/2024\/05\/20150418094348Logo_CD31_haute_garonne.png 688w\" sizes=\"auto, (max-width: 592px) 100vw, 592px\" \/><\/figure>\n<\/div>\n<\/div>\n<\/div>\n","protected":false},"excerpt":{"rendered":"<p>Le Convoi de Bonne Humeur intervient dans la rue, dans un jardin, une biblioth\u00e8que, une \u00e9cole, un march\u00e9&#8230; et il diffuse de la bonne humeur ! Ombrelles \u00e0 po\u00e8mes, murmures \u00e0 l&rsquo;oreille, cartes postales voyageuses, histoires dr\u00f4les&#8230; Fa\u00eetes appel \u00e0 nous ! Cr\u00e9ation : Cie Plumes d\u2019Elles, avec Alliances et Cultures Avec le soutien de [&hellip;]<\/p>\n","protected":false},"author":1,"featured_media":0,"parent":0,"menu_order":0,"comment_status":"closed","ping_status":"closed","template":"","meta":{"footnotes":""},"class_list":["post-448","page","type-page","status-publish","hentry"],"_links":{"self":[{"href":"https:\/\/plumesdelles.org\/index.php?rest_route=\/wp\/v2\/pages\/448","targetHints":{"allow":["GET"]}}],"collection":[{"href":"https:\/\/plumesdelles.org\/index.php?rest_route=\/wp\/v2\/pages"}],"about":[{"href":"https:\/\/plumesdelles.org\/index.php?rest_route=\/wp\/v2\/types\/page"}],"author":[{"embeddable":true,"href":"https:\/\/plumesdelles.org\/index.php?rest_route=\/wp\/v2\/users\/1"}],"replies":[{"embeddable":true,"href":"https:\/\/plumesdelles.org\/index.php?rest_route=%2Fwp%2Fv2%2Fcomments&post=448"}],"version-history":[{"count":10,"href":"https:\/\/plumesdelles.org\/index.php?rest_route=\/wp\/v2\/pages\/448\/revisions"}],"predecessor-version":[{"id":470,"href":"https:\/\/plumesdelles.org\/index.php?rest_route=\/wp\/v2\/pages\/448\/revisions\/470"}],"wp:attachment":[{"href":"https:\/\/plumesdelles.org\/index.php?rest_route=%2Fwp%2Fv2%2Fmedia&parent=448"}],"curies":[{"name":"wp","href":"https:\/\/api.w.org\/{rel}","templated":true}]}}