{"id":404,"date":"2024-05-17T10:50:07","date_gmt":"2024-05-17T08:50:07","guid":{"rendered":"https:\/\/plumesdelles.org\/?page_id=404"},"modified":"2024-05-17T11:23:35","modified_gmt":"2024-05-17T09:23:35","slug":"a-qui-le-dites-vous-2","status":"publish","type":"page","link":"https:\/\/plumesdelles.org\/?page_id=404","title":{"rendered":"A QUI LE D\u00ceTES VOUS&#8230;?!"},"content":{"rendered":"\n<p>Un groupe de \u00ab\u00a0personnes \u00e2g\u00e9es\u00a0\u00bb, ou bien de \u00ab\u00a0vieux\u00a0\u00bb&#8230; Est-ce comme cela que l&rsquo;on dit ? On dit ce qu&rsquo;on veut en fait, on vous dit juste qu&rsquo;on a des choses \u00e0 dire ! <\/p>\n\n\n\n<p><mark style=\"background-color:rgba(0, 0, 0, 0);color:#f10606\" class=\"has-inline-color\">Cr\u00e9ation 11 juin 2022<\/mark><\/p>\n\n\n\n<figure class=\"wp-block-image aligncenter size-full is-resized\"><img loading=\"lazy\" decoding=\"async\" width=\"714\" height=\"714\" src=\"https:\/\/plumesdelles.org\/wp-content\/uploads\/2024\/05\/old-up-site-edited.jpg\" alt=\"\" class=\"wp-image-373\" style=\"width:546px;height:auto\" srcset=\"https:\/\/plumesdelles.org\/wp-content\/uploads\/2024\/05\/old-up-site-edited.jpg 714w, https:\/\/plumesdelles.org\/wp-content\/uploads\/2024\/05\/old-up-site-edited-300x300.jpg 300w, https:\/\/plumesdelles.org\/wp-content\/uploads\/2024\/05\/old-up-site-edited-150x150.jpg 150w\" sizes=\"auto, (max-width: 714px) 100vw, 714px\" \/><\/figure>\n\n\n\n<h2 class=\"wp-block-heading\"><mark style=\"background-color:rgba(0, 0, 0, 0);color:#f10606\" class=\"has-inline-color\"><mark style=\"background-color:rgba(0, 0, 0, 0);color:#f10606\" class=\"has-inline-color\"><\/mark><\/mark><\/h2>\n\n\n\n<p>Des rencontres hebdomadaires, des ateliers de paroles, des \u00e9changes d\u2019id\u00e9es, des rires. Et puis petit \u00e0 petit une chanson, des voix enregistr\u00e9es, des images, et pourquoi pas un spectacle ?<\/p>\n\n\n\n<p><strong>Avec<\/strong> : <mark style=\"background-color:rgba(0, 0, 0, 0)\" class=\"has-inline-color has-custom-couleur-1-color\">Houria, Isabelle, Laurence, Monique, Rosy, Michel, Patrice<\/mark> et toutes celles et tous ceux qui sont venu-e-s \u00e0 notre rencontre au Centre Social et Culturel Raymond IV pendant quatre mois, qui nous ont fait confiance pour faire entendre leurs paroles. Merci \u00e0 eux.<\/p>\n\n\n\n<p><strong>Cr\u00e9ation <\/strong>: Cie Plumes d\u2019Elles, avec Old\u2019Up-Oc, Alliances et Cultures<br><strong>Avec le soutien de<\/strong> : la Carsat, l\u2019ARS Occitanie, AG2R La mondiale, la Cnracl<\/p>\n\n\n\n<p><br><mark style=\"background-color:rgba(0, 0, 0, 0);color:#3902f3\" class=\"has-inline-color\"><strong>\u00c9coutez <\/strong>la chanson<strong> <\/strong>\u201cJ\u2019ai plus l\u2019\u00e2ge\u201d<\/mark><br><\/p>\n\n\n\n<figure class=\"wp-block-audio\"><audio controls src=\"https:\/\/plumesdelles.org\/wp-content\/uploads\/2024\/05\/Jai-plus-lage.mp3\"><\/audio><\/figure>\n\n\n\n<p><mark style=\"background-color:rgba(0, 0, 0, 0);color:#4205f1\" class=\"has-inline-color\"><strong>Regardez <\/strong>une petite vid\u00e9o\u2026<\/mark><\/p>\n\n\n\n<figure class=\"wp-block-video\"><video height=\"480\" style=\"aspect-ratio: 640 \/ 480;\" width=\"640\" controls src=\"https:\/\/plumesdelles.org\/wp-content\/uploads\/2024\/05\/Ah-ca.a-qui-le-dites-vous.mp4\"><\/video><\/figure>\n\n\n\n<hr class=\"wp-block-separator has-alpha-channel-opacity\"\/>\n\n\n\n<div class=\"wp-block-group is-nowrap is-layout-flex wp-container-core-group-is-layout-6c531013 wp-block-group-is-layout-flex\">\n<figure class=\"wp-block-image size-large is-resized\"><img loading=\"lazy\" decoding=\"async\" width=\"1024\" height=\"591\" src=\"http:\/\/plumesdelles.org\/wp-content\/uploads\/2024\/05\/LOGO-AC-1024x591.png\" alt=\"\" class=\"wp-image-45\" style=\"width:160px;height:auto\" srcset=\"https:\/\/plumesdelles.org\/wp-content\/uploads\/2024\/05\/LOGO-AC-1024x591.png 1024w, https:\/\/plumesdelles.org\/wp-content\/uploads\/2024\/05\/LOGO-AC-300x173.png 300w, https:\/\/plumesdelles.org\/wp-content\/uploads\/2024\/05\/LOGO-AC-768x443.png 768w, https:\/\/plumesdelles.org\/wp-content\/uploads\/2024\/05\/LOGO-AC-1536x886.png 1536w, https:\/\/plumesdelles.org\/wp-content\/uploads\/2024\/05\/LOGO-AC.png 1548w\" sizes=\"auto, (max-width: 1024px) 100vw, 1024px\" \/><\/figure>\n\n\n\n<figure class=\"wp-block-image size-full is-resized\"><img loading=\"lazy\" decoding=\"async\" width=\"331\" height=\"152\" src=\"http:\/\/plumesdelles.org\/wp-content\/uploads\/2024\/05\/centre-social-raymond-IV.jpg\" alt=\"\" class=\"wp-image-38\" style=\"width:115px;height:auto\" srcset=\"https:\/\/plumesdelles.org\/wp-content\/uploads\/2024\/05\/centre-social-raymond-IV.jpg 331w, https:\/\/plumesdelles.org\/wp-content\/uploads\/2024\/05\/centre-social-raymond-IV-300x138.jpg 300w\" sizes=\"auto, (max-width: 331px) 100vw, 331px\" \/><\/figure>\n\n\n\n<figure class=\"wp-block-image size-full is-resized\"><img loading=\"lazy\" decoding=\"async\" width=\"331\" height=\"456\" src=\"http:\/\/plumesdelles.org\/wp-content\/uploads\/2024\/05\/Capture-decran-2021-01-27-130639.png\" alt=\"\" class=\"wp-image-54\" style=\"width:51px;height:auto\" srcset=\"https:\/\/plumesdelles.org\/wp-content\/uploads\/2024\/05\/Capture-decran-2021-01-27-130639.png 331w, https:\/\/plumesdelles.org\/wp-content\/uploads\/2024\/05\/Capture-decran-2021-01-27-130639-218x300.png 218w\" sizes=\"auto, (max-width: 331px) 100vw, 331px\" \/><\/figure>\n\n\n\n<figure class=\"wp-block-image size-large is-resized\"><img loading=\"lazy\" decoding=\"async\" width=\"1024\" height=\"601\" src=\"http:\/\/plumesdelles.org\/wp-content\/uploads\/2024\/05\/Logo-ars-1024x601.jpg\" alt=\"\" class=\"wp-image-34\" style=\"width:105px;height:auto\" srcset=\"https:\/\/plumesdelles.org\/wp-content\/uploads\/2024\/05\/Logo-ars-1024x601.jpg 1024w, https:\/\/plumesdelles.org\/wp-content\/uploads\/2024\/05\/Logo-ars-300x176.jpg 300w, https:\/\/plumesdelles.org\/wp-content\/uploads\/2024\/05\/Logo-ars-768x451.jpg 768w, https:\/\/plumesdelles.org\/wp-content\/uploads\/2024\/05\/Logo-ars-1536x901.jpg 1536w, https:\/\/plumesdelles.org\/wp-content\/uploads\/2024\/05\/Logo-ars-2048x1202.jpg 2048w\" sizes=\"auto, (max-width: 1024px) 100vw, 1024px\" \/><\/figure>\n\n\n\n<figure class=\"wp-block-image size-full is-resized\"><img loading=\"lazy\" decoding=\"async\" width=\"320\" height=\"99\" src=\"http:\/\/plumesdelles.org\/wp-content\/uploads\/2024\/05\/CarsatMPquie.jpeg\" alt=\"\" class=\"wp-image-32\" style=\"width:151px;height:auto\" srcset=\"https:\/\/plumesdelles.org\/wp-content\/uploads\/2024\/05\/CarsatMPquie.jpeg 320w, https:\/\/plumesdelles.org\/wp-content\/uploads\/2024\/05\/CarsatMPquie-300x93.jpeg 300w\" sizes=\"auto, (max-width: 320px) 100vw, 320px\" \/><\/figure>\n<\/div>\n","protected":false},"excerpt":{"rendered":"<p>Un groupe de \u00ab\u00a0personnes \u00e2g\u00e9es\u00a0\u00bb, ou bien de \u00ab\u00a0vieux\u00a0\u00bb&#8230; Est-ce comme cela que l&rsquo;on dit ? On dit ce qu&rsquo;on veut en fait, on vous dit juste qu&rsquo;on a des choses \u00e0 dire ! Cr\u00e9ation 11 juin 2022 Des rencontres hebdomadaires, des ateliers de paroles, des \u00e9changes d\u2019id\u00e9es, des rires. Et puis petit \u00e0 petit [&hellip;]<\/p>\n","protected":false},"author":1,"featured_media":0,"parent":0,"menu_order":0,"comment_status":"closed","ping_status":"closed","template":"","meta":{"footnotes":""},"class_list":["post-404","page","type-page","status-publish","hentry"],"_links":{"self":[{"href":"https:\/\/plumesdelles.org\/index.php?rest_route=\/wp\/v2\/pages\/404","targetHints":{"allow":["GET"]}}],"collection":[{"href":"https:\/\/plumesdelles.org\/index.php?rest_route=\/wp\/v2\/pages"}],"about":[{"href":"https:\/\/plumesdelles.org\/index.php?rest_route=\/wp\/v2\/types\/page"}],"author":[{"embeddable":true,"href":"https:\/\/plumesdelles.org\/index.php?rest_route=\/wp\/v2\/users\/1"}],"replies":[{"embeddable":true,"href":"https:\/\/plumesdelles.org\/index.php?rest_route=%2Fwp%2Fv2%2Fcomments&post=404"}],"version-history":[{"count":3,"href":"https:\/\/plumesdelles.org\/index.php?rest_route=\/wp\/v2\/pages\/404\/revisions"}],"predecessor-version":[{"id":414,"href":"https:\/\/plumesdelles.org\/index.php?rest_route=\/wp\/v2\/pages\/404\/revisions\/414"}],"wp:attachment":[{"href":"https:\/\/plumesdelles.org\/index.php?rest_route=%2Fwp%2Fv2%2Fmedia&parent=404"}],"curies":[{"name":"wp","href":"https:\/\/api.w.org\/{rel}","templated":true}]}}