{"id":379,"date":"2024-05-16T20:16:50","date_gmt":"2024-05-16T18:16:50","guid":{"rendered":"https:\/\/plumesdelles.org\/?page_id=379"},"modified":"2024-05-17T10:43:01","modified_gmt":"2024-05-17T08:43:01","slug":"lectures-musicales","status":"publish","type":"page","link":"https:\/\/plumesdelles.org\/?page_id=379","title":{"rendered":"Lectures musicales"},"content":{"rendered":"\n<p>Nos lectures musicales sont r\u00e9alis\u00e9es par St\u00e9phanie Fontez (voix) et St\u00e9phane<br>Barascud (musique).<\/p>\n\n\n\n<p>Nos lectures en partenariat avec L\u2019Envol des Mots sont r\u00e9alis\u00e9es par les lecteurs<br>et \u00e9crivains de l\u2019Envol des Mots\/Airbus<\/p>\n\n\n\n<p><strong><mark style=\"background-color:rgba(0, 0, 0, 0);color:#1012e7\" class=\"has-inline-color\">Les lectures sont organis\u00e9es par des m\u00e9diath\u00e8ques, des revues, des librairies, des mus\u00e9es&#8230; N&rsquo;h\u00e9sitez pas \u00e0 nous contacter pour en savoir plus ! <\/mark><\/strong><\/p>\n\n\n\n<p><mark style=\"background-color:rgba(0, 0, 0, 0)\" class=\"has-inline-color has-custom-couleur-1-color\">Voici un petit \u00e9chantillon&#8230; <\/mark><\/p>\n\n\n\n<hr class=\"wp-block-separator has-text-color has-headings-color has-alpha-channel-opacity has-headings-background-color has-background is-style-wide\"\/>\n\n\n\n<h2 class=\"wp-block-heading\"><mark style=\"background-color:rgba(0, 0, 0, 0);color:#2408eb\" class=\"has-inline-color\">Une nuit au mus\u00e9e Paul Dupuy<\/mark><mark style=\"background-color:rgba(0, 0, 0, 0);color:#2408eb\" class=\"has-inline-color\"><\/mark><\/h2>\n\n\n\n<h3 class=\"wp-block-heading\">Le 27 avril 2024 &#8211; Avec l&rsquo;Envol des Mots<\/h3>\n\n\n\n<p><\/p>\n\n\n\n<div class=\"wp-block-group is-nowrap is-layout-flex wp-container-core-group-is-layout-6c531013 wp-block-group-is-layout-flex\">\n<figure class=\"wp-block-image size-full is-resized\"><img loading=\"lazy\" decoding=\"async\" width=\"226\" height=\"149\" src=\"https:\/\/plumesdelles.org\/wp-content\/uploads\/2024\/05\/Capture-decran-2024-05-17-a-10.15.37-1.png\" alt=\"\" class=\"wp-image-395\" style=\"width:327px;height:auto\"\/><\/figure>\n\n\n\n<p>D\u00e9couvrir les collections du mus\u00e9e Paul Dupuy la nuit, en d\u00e9ambulant entre les objets pr\u00e9cieux, en \u00e9coutant des textes susurr\u00e9s \u00e0 l&rsquo;oreille du temps&#8230; Une exp\u00e9rience rare ! <\/p>\n<\/div>\n\n\n\n<figure class=\"wp-block-image size-full is-resized\"><img loading=\"lazy\" decoding=\"async\" width=\"150\" height=\"150\" src=\"http:\/\/plumesdelles.org\/wp-content\/uploads\/2024\/05\/logo_mairie.png\" alt=\"\" class=\"wp-image-47\" style=\"width:93px;height:auto\"\/><\/figure>\n\n\n\n<hr class=\"wp-block-separator has-alpha-channel-opacity\"\/>\n\n\n\n<h2 class=\"wp-block-heading\"><mark style=\"background-color:rgba(0, 0, 0, 0);color:#2408eb\" class=\"has-inline-color\">Bon Anniversaire Edgar !<\/mark><\/h2>\n\n\n\n<h3 class=\"wp-block-heading\">Nuit de la lecture &#8211; Avec l\u2019Envol de Mots<\/h3>\n\n\n\n<div class=\"wp-block-group is-nowrap is-layout-flex wp-container-core-group-is-layout-6c531013 wp-block-group-is-layout-flex\">\n<figure class=\"wp-block-image size-large is-resized\"><img loading=\"lazy\" decoding=\"async\" width=\"788\" height=\"1024\" src=\"https:\/\/plumesdelles.org\/wp-content\/uploads\/2024\/05\/IMG-0650-788x1024.jpg\" alt=\"\" class=\"wp-image-401\" style=\"width:172px;height:auto\" srcset=\"https:\/\/plumesdelles.org\/wp-content\/uploads\/2024\/05\/IMG-0650-788x1024.jpg 788w, https:\/\/plumesdelles.org\/wp-content\/uploads\/2024\/05\/IMG-0650-231x300.jpg 231w, https:\/\/plumesdelles.org\/wp-content\/uploads\/2024\/05\/IMG-0650-768x998.jpg 768w, https:\/\/plumesdelles.org\/wp-content\/uploads\/2024\/05\/IMG-0650-1181x1536.jpg 1181w, https:\/\/plumesdelles.org\/wp-content\/uploads\/2024\/05\/IMG-0650-1575x2048.jpg 1575w, https:\/\/plumesdelles.org\/wp-content\/uploads\/2024\/05\/IMG-0650-1170x1521.jpg 1170w, https:\/\/plumesdelles.org\/wp-content\/uploads\/2024\/05\/IMG-0650.jpg 1936w\" sizes=\"auto, (max-width: 788px) 100vw, 788px\" \/><\/figure>\n\n\n\n<p>Lecture spectacle autour d\u2019un dr\u00f4le de d\u00eener\u2026<br>Venez f\u00eater l\u2019anniversaire d\u2019Edgar, vous asseoir \u00e0 sa table, mangez, buvez, soufflez les bougies\u2026 Ce soir, c\u2019est sa f\u00eate, \u00e0 Edgar\u2026!<br>Ecriture et lecture : les lecteurs et \u00e9crivains de l\u2019Envol des Mots\/Airbus<br><mark style=\"background-color:rgba(0, 0, 0, 0);color:#a702b1\" class=\"has-inline-color\">Mise en sc\u00e8ne St\u00e9phanie Fontez \u2013 musique St\u00e9phane Barascud<br>Dur\u00e9e 50 minutes \/ Cie Plumes d\u2019Elles \/ M\u00e9diath\u00e8que Airbus<\/mark><\/p>\n<\/div>\n\n\n\n<figure class=\"wp-block-image size-large is-resized\"><img loading=\"lazy\" decoding=\"async\" width=\"1024\" height=\"808\" src=\"http:\/\/plumesdelles.org\/wp-content\/uploads\/2024\/05\/cse-airbus-operations-1024x808.png\" alt=\"\" class=\"wp-image-39\" style=\"width:132px;height:auto\" srcset=\"https:\/\/plumesdelles.org\/wp-content\/uploads\/2024\/05\/cse-airbus-operations-1024x808.png 1024w, https:\/\/plumesdelles.org\/wp-content\/uploads\/2024\/05\/cse-airbus-operations-300x237.png 300w, https:\/\/plumesdelles.org\/wp-content\/uploads\/2024\/05\/cse-airbus-operations-768x606.png 768w, https:\/\/plumesdelles.org\/wp-content\/uploads\/2024\/05\/cse-airbus-operations.png 1142w\" sizes=\"auto, (max-width: 1024px) 100vw, 1024px\" \/><\/figure>\n\n\n\n<hr class=\"wp-block-separator has-text-color has-headings-color has-alpha-channel-opacity has-headings-background-color has-background is-style-wide\"\/>\n\n\n\n<h2 class=\"wp-block-heading\"><mark style=\"background-color:rgba(0, 0, 0, 0);color:#1508ea\" class=\"has-inline-color\">Chute et Ravissement de Brigitte Fontaine<\/mark><\/h2>\n\n\n\n<h3 class=\"wp-block-heading\">Nuit de la lecture <\/h3>\n\n\n\n<div class=\"wp-block-group is-nowrap is-layout-flex wp-container-core-group-is-layout-6c531013 wp-block-group-is-layout-flex\">\n<figure class=\"wp-block-image size-full is-resized\"><img loading=\"lazy\" decoding=\"async\" width=\"500\" height=\"739\" src=\"https:\/\/plumesdelles.org\/wp-content\/uploads\/2024\/05\/9782330079116.jpg\" alt=\"\" class=\"wp-image-400\" style=\"width:179px;height:auto\" srcset=\"https:\/\/plumesdelles.org\/wp-content\/uploads\/2024\/05\/9782330079116.jpg 500w, https:\/\/plumesdelles.org\/wp-content\/uploads\/2024\/05\/9782330079116-203x300.jpg 203w\" sizes=\"auto, (max-width: 500px) 100vw, 500px\" \/><\/figure>\n\n\n\n<p>Lecture musicale insolite et insolente de ce long po\u00e8me de<br>Brigitte Fontaine, de cet appel lanc\u00e9 \u00e0 Arthur Rimbaud dans<br>l\u2019au-del\u00e0. Un texte comme un cri dans ce ciel scintillant<br>d\u2019\u00e9toiles mais tellement silencieux.<br><mark style=\"background-color:rgba(0, 0, 0, 0);color:#a90ce0\" class=\"has-inline-color\">Voix St\u00e9phanie Fontez \u2013 guitare St\u00e9phane Barascud<br>Dur\u00e9e 35 minutes \/ Cie Plumes d\u2019Elles<\/mark>. <\/p>\n<\/div>\n\n\n\n<hr class=\"wp-block-separator has-text-color has-headings-color has-alpha-channel-opacity has-headings-background-color has-background is-style-wide\"\/>\n\n\n\n<h2 class=\"wp-block-heading\"><mark style=\"background-color:rgba(0, 0, 0, 0);color:#0e18ed\" class=\"has-inline-color\">Revue Gibraltar  <\/mark><\/h2>\n\n\n\n<div class=\"wp-block-group is-nowrap is-layout-flex wp-container-core-group-is-layout-6c531013 wp-block-group-is-layout-flex\">\n<figure class=\"wp-block-image size-full is-resized\"><img loading=\"lazy\" decoding=\"async\" width=\"198\" height=\"255\" src=\"https:\/\/plumesdelles.org\/wp-content\/uploads\/2024\/05\/images.jpg\" alt=\"\" class=\"wp-image-397\" style=\"width:310px;height:auto\"\/><\/figure>\n\n\n\n<p>Pendant 10 ans, nous avons accompagn\u00e9 la revue <a href=\"http:\/\/www.gibraltar-revue.com\/\">Gibraltar, un Pont entre deux mers,<\/a> et avons lu de magnifiques textes, \u00e0 l&rsquo;Institut Cervantes, \u00e0 Ombres Blanches &#8230; Beno\u00eet S\u00e9verac, Koffi Kwahul\u00e9, et tant d&rsquo;autres ! Retrouvez-les dans les num\u00e9ros de Gibraltar&#8230;<\/p>\n<\/div>\n\n\n\n<h2 class=\"wp-block-heading\"><\/h2>\n","protected":false},"excerpt":{"rendered":"<p>Nos lectures musicales sont r\u00e9alis\u00e9es par St\u00e9phanie Fontez (voix) et St\u00e9phaneBarascud (musique). Nos lectures en partenariat avec L\u2019Envol des Mots sont r\u00e9alis\u00e9es par les lecteurset \u00e9crivains de l\u2019Envol des Mots\/Airbus Les lectures sont organis\u00e9es par des m\u00e9diath\u00e8ques, des revues, des librairies, des mus\u00e9es&#8230; N&rsquo;h\u00e9sitez pas \u00e0 nous contacter pour en savoir plus ! Voici un [&hellip;]<\/p>\n","protected":false},"author":1,"featured_media":0,"parent":0,"menu_order":0,"comment_status":"closed","ping_status":"closed","template":"","meta":{"footnotes":""},"class_list":["post-379","page","type-page","status-publish","hentry"],"_links":{"self":[{"href":"https:\/\/plumesdelles.org\/index.php?rest_route=\/wp\/v2\/pages\/379","targetHints":{"allow":["GET"]}}],"collection":[{"href":"https:\/\/plumesdelles.org\/index.php?rest_route=\/wp\/v2\/pages"}],"about":[{"href":"https:\/\/plumesdelles.org\/index.php?rest_route=\/wp\/v2\/types\/page"}],"author":[{"embeddable":true,"href":"https:\/\/plumesdelles.org\/index.php?rest_route=\/wp\/v2\/users\/1"}],"replies":[{"embeddable":true,"href":"https:\/\/plumesdelles.org\/index.php?rest_route=%2Fwp%2Fv2%2Fcomments&post=379"}],"version-history":[{"count":8,"href":"https:\/\/plumesdelles.org\/index.php?rest_route=\/wp\/v2\/pages\/379\/revisions"}],"predecessor-version":[{"id":403,"href":"https:\/\/plumesdelles.org\/index.php?rest_route=\/wp\/v2\/pages\/379\/revisions\/403"}],"wp:attachment":[{"href":"https:\/\/plumesdelles.org\/index.php?rest_route=%2Fwp%2Fv2%2Fmedia&parent=379"}],"curies":[{"name":"wp","href":"https:\/\/api.w.org\/{rel}","templated":true}]}}