{"id":376,"date":"2024-05-17T10:08:05","date_gmt":"2024-05-17T08:08:05","guid":{"rendered":"https:\/\/plumesdelles.org\/?page_id=376"},"modified":"2024-05-29T10:48:49","modified_gmt":"2024-05-29T08:48:49","slug":"dans-mon-chateau","status":"publish","type":"page","link":"https:\/\/plumesdelles.org\/?page_id=376","title":{"rendered":"Dans mon ch\u00e2teau"},"content":{"rendered":"\n<div class=\"wp-block-group is-nowrap is-layout-flex wp-container-core-group-is-layout-6c531013 wp-block-group-is-layout-flex\">\n<p class=\"has-text-align-left\"><strong>LECTURES DANS\u00c9ES EN PO\u00c9SIE<\/strong><br>Jeune Public \u00e0 partir de 5 ans, et pour Tous!<br>En tourn\u00e9e depuis juin 2017<\/p>\n\n\n\n<p><\/p>\n<\/div>\n\n\n\n<figure class=\"wp-block-image aligncenter size-large is-resized\"><img loading=\"lazy\" decoding=\"async\" width=\"1024\" height=\"1004\" src=\"http:\/\/plumesdelles.org\/wp-content\/uploads\/2024\/04\/IMG_0396-1024x1004.jpg\" alt=\"\" class=\"wp-image-17\" style=\"width:478px;height:auto\" srcset=\"https:\/\/plumesdelles.org\/wp-content\/uploads\/2024\/04\/IMG_0396-1024x1004.jpg 1024w, https:\/\/plumesdelles.org\/wp-content\/uploads\/2024\/04\/IMG_0396-300x294.jpg 300w, https:\/\/plumesdelles.org\/wp-content\/uploads\/2024\/04\/IMG_0396-768x753.jpg 768w, https:\/\/plumesdelles.org\/wp-content\/uploads\/2024\/04\/IMG_0396.jpg 1456w\" sizes=\"auto, (max-width: 1024px) 100vw, 1024px\" \/><\/figure>\n\n\n\n<p>L\u2019une est lectrice, l\u2019autre est danseuse. Ensemble, elles ont eu envie de partir en lecture comme on part en exploration, pour d\u00e9couvrir, colorer, inventer de nouveaux espaces, fabriquer de grands voyages \u00e0 l\u2019int\u00e9rieur des mots.<\/p>\n\n\n\n<p><br>Elles donnent \u00e0 voir et \u00e0 entendre des textes pour les enfants, des textes po\u00e9tiques, qui racontent le monde, la pluie, le vent, qui racontent ici et l\u00e0-bas, petit \u00e0 petit \u00e0 petits pas\u2026<\/p>\n\n\n\n<p><br>Une valise, des costumes qui changent une danseuse en horloge ou en escargot, des livres et une voix. Leurs lectures dans\u00e9es sont une rencontre d\u2019\u00e9l\u00e9ments en mouvements, pour le plaisir des oreilles et des yeux !<\/p>\n\n\n\n<p><strong><mark style=\"background-color:rgba(0, 0, 0, 0);color:#73ec09\" class=\"has-inline-color\">Cr\u00e9ation<\/mark><\/strong> : Cie Plumes d&rsquo;Elles et <a href=\"https:\/\/ciemolisetti.wordpress.com\/\">Cie Molisetti<\/a>. <strong><mark style=\"background-color:rgba(0, 0, 0, 0);color:#35ea0a\" class=\"has-inline-color\">Lectures et textes<\/mark><\/strong> : St\u00e9phanie Fontez. <strong><mark style=\"background-color:rgba(0, 0, 0, 0);color:#12ec1c\" class=\"has-inline-color\">Danse<\/mark><\/strong> : Isabelle Molina.<\/p>\n\n\n\n<p><strong>Avec le soutien de<\/strong> : la Communaut\u00e9 de Communes Terres du Lauragais.<\/p>\n\n\n\n<div class=\"wp-block-group is-nowrap is-layout-flex wp-container-core-group-is-layout-6c531013 wp-block-group-is-layout-flex\">\n<figure class=\"wp-block-image size-large\"><img loading=\"lazy\" decoding=\"async\" width=\"607\" height=\"1024\" src=\"https:\/\/plumesdelles.org\/wp-content\/uploads\/2024\/05\/Couverture-dans-mon-chateau-site-607x1024.jpg\" alt=\"\" class=\"wp-image-61\" srcset=\"https:\/\/plumesdelles.org\/wp-content\/uploads\/2024\/05\/Couverture-dans-mon-chateau-site-607x1024.jpg 607w, https:\/\/plumesdelles.org\/wp-content\/uploads\/2024\/05\/Couverture-dans-mon-chateau-site-178x300.jpg 178w, https:\/\/plumesdelles.org\/wp-content\/uploads\/2024\/05\/Couverture-dans-mon-chateau-site.jpg 711w\" sizes=\"auto, (max-width: 607px) 100vw, 607px\" \/><\/figure>\n\n\n\n<p>R\u00e9pertoire de textes po\u00e9tiques pour enfants. <a href=\"https:\/\/plumesdelles.org\/?page_id=280\">Livre<\/a> en vente sur notre site.<\/p>\n<\/div>\n\n\n\n<p>Illustration : Camille Cahurel<\/p>\n\n\n\n<figure class=\"wp-block-image size-full is-resized\"><img loading=\"lazy\" decoding=\"async\" width=\"250\" height=\"139\" src=\"http:\/\/plumesdelles.org\/wp-content\/uploads\/2024\/05\/header-logo-md-lg.png\" alt=\"\" class=\"wp-image-62\" style=\"width:184px;height:auto\"\/><\/figure>\n","protected":false},"excerpt":{"rendered":"<p>LECTURES DANS\u00c9ES EN PO\u00c9SIEJeune Public \u00e0 partir de 5 ans, et pour Tous!En tourn\u00e9e depuis juin 2017 L\u2019une est lectrice, l\u2019autre est danseuse. Ensemble, elles ont eu envie de partir en lecture comme on part en exploration, pour d\u00e9couvrir, colorer, inventer de nouveaux espaces, fabriquer de grands voyages \u00e0 l\u2019int\u00e9rieur des mots. Elles donnent \u00e0 [&hellip;]<\/p>\n","protected":false},"author":1,"featured_media":0,"parent":0,"menu_order":0,"comment_status":"closed","ping_status":"closed","template":"","meta":{"footnotes":""},"class_list":["post-376","page","type-page","status-publish","hentry"],"_links":{"self":[{"href":"https:\/\/plumesdelles.org\/index.php?rest_route=\/wp\/v2\/pages\/376","targetHints":{"allow":["GET"]}}],"collection":[{"href":"https:\/\/plumesdelles.org\/index.php?rest_route=\/wp\/v2\/pages"}],"about":[{"href":"https:\/\/plumesdelles.org\/index.php?rest_route=\/wp\/v2\/types\/page"}],"author":[{"embeddable":true,"href":"https:\/\/plumesdelles.org\/index.php?rest_route=\/wp\/v2\/users\/1"}],"replies":[{"embeddable":true,"href":"https:\/\/plumesdelles.org\/index.php?rest_route=%2Fwp%2Fv2%2Fcomments&post=376"}],"version-history":[{"count":8,"href":"https:\/\/plumesdelles.org\/index.php?rest_route=\/wp\/v2\/pages\/376\/revisions"}],"predecessor-version":[{"id":423,"href":"https:\/\/plumesdelles.org\/index.php?rest_route=\/wp\/v2\/pages\/376\/revisions\/423"}],"wp:attachment":[{"href":"https:\/\/plumesdelles.org\/index.php?rest_route=%2Fwp%2Fv2%2Fmedia&parent=376"}],"curies":[{"name":"wp","href":"https:\/\/api.w.org\/{rel}","templated":true}]}}