{"id":325,"date":"2024-05-14T19:06:02","date_gmt":"2024-05-14T17:06:02","guid":{"rendered":"https:\/\/plumesdelles.org\/?page_id=325"},"modified":"2025-09-02T17:18:24","modified_gmt":"2025-09-02T15:18:24","slug":"eclosion","status":"publish","type":"page","link":"https:\/\/plumesdelles.org\/?page_id=325","title":{"rendered":"\u00e9CLOSion"},"content":{"rendered":"\n<p class=\"has-text-align-center has-medium-large-font-size\"><strong>Journal de corps f\u00e9minins en d\u00e9tention<\/strong><\/p>\n\n\n\n<figure class=\"wp-block-video\"><video height=\"360\" style=\"aspect-ratio: 640 \/ 360;\" width=\"640\" controls src=\"https:\/\/plumesdelles.org\/wp-content\/uploads\/2025\/09\/extrait-eclosion.mp4\"><\/video><\/figure>\n\n\n\n<hr class=\"wp-block-separator has-alpha-channel-opacity\"\/>\n\n\n\n<p>Des femmes en d\u00e9tention ont \u00e9crit quotidiennement le \u00ab journal de leur corps \u00bb, en \u00e9cho au livre de Daniel Pennac, <em>Journal d\u2019un corps<\/em>. Corps organique, musculaire, charnel, corps cocon, enferm\u00e9, incarc\u00e9r\u00e9, silencieux. Tant\u00f4t chrysalide, tant\u00f4t papillon, le corps se referme ou se d\u00e9ploie, retrouve ses sens ou les perd, manque d\u2019espace et cherche sa respiration, son mouvement, ses battements. De la femme &lsquo;dedans&rsquo; \u00e0 la femme &lsquo;dehors&rsquo;, le corps est, reste, l\u2019espace de la libert\u00e9 intime, du secret\u2026 du secret partag\u00e9.<\/p>\n\n\n\n<p>Les textes des d\u00e9tenues, en voix off, portent la bande son initi\u00e9e par des fonctions organiques : battements de c\u0153urs, respirations, monitoring\u2026 La danseuse, femme-cocon, femme attente, essaie de retrouver sa mobilit\u00e9 perdue, de se d\u00e9ployer, accompagn\u00e9e par la force \u00e9vocatrice de la vid\u00e9o.<\/p>\n\n\n\n<figure class=\"wp-block-image aligncenter size-large is-resized\"><img loading=\"lazy\" decoding=\"async\" width=\"683\" height=\"1024\" src=\"http:\/\/plumesdelles.org\/wp-content\/uploads\/2024\/04\/eclosion-1-credit-benoit-SUAU-683x1024.jpg\" alt=\"\" class=\"wp-image-18\" style=\"width:403px;height:auto\" srcset=\"https:\/\/plumesdelles.org\/wp-content\/uploads\/2024\/04\/eclosion-1-credit-benoit-SUAU-683x1024.jpg 683w, https:\/\/plumesdelles.org\/wp-content\/uploads\/2024\/04\/eclosion-1-credit-benoit-SUAU-200x300.jpg 200w, https:\/\/plumesdelles.org\/wp-content\/uploads\/2024\/04\/eclosion-1-credit-benoit-SUAU-768x1152.jpg 768w, https:\/\/plumesdelles.org\/wp-content\/uploads\/2024\/04\/eclosion-1-credit-benoit-SUAU-1024x1536.jpg 1024w, https:\/\/plumesdelles.org\/wp-content\/uploads\/2024\/04\/eclosion-1-credit-benoit-SUAU-1365x2048.jpg 1365w, https:\/\/plumesdelles.org\/wp-content\/uploads\/2024\/04\/eclosion-1-credit-benoit-SUAU-scaled.jpg 1707w\" sizes=\"auto, (max-width: 683px) 100vw, 683px\" \/><\/figure>\n\n\n\n<hr class=\"wp-block-separator has-alpha-channel-opacity\"\/>\n\n\n\n<div class=\"wp-block-group is-nowrap is-layout-flex wp-container-core-group-is-layout-6c531013 wp-block-group-is-layout-flex\">\n<p><strong><mark style=\"background-color:rgba(0, 0, 0, 0);color:#f99205\" class=\"has-inline-color\">Cr\u00e9ation \u2013 Conception<\/mark><\/strong><br>Cie Plumes d\u2019Elles, Alice Subias &amp; St\u00e9phanie Fontez<br>Dur\u00e9e : 45 minutes<br>\u00c0 partir de 16 ans<br><strong><mark style=\"background-color:rgba(0, 0, 0, 0);color:#f19d03\" class=\"has-inline-color\">Chor\u00e9graphie<\/mark><\/strong><br>Alice Subias<\/p>\n\n\n\n<hr class=\"wp-block-separator has-text-color has-background-color has-alpha-channel-opacity has-background-background-color has-background\"\/>\n\n\n\n<p><strong>Avec<\/strong><br><strong><mark style=\"background-color:rgba(0, 0, 0, 0);color:#f9a201\" class=\"has-inline-color\">Danse <\/mark><\/strong>\u2013 Anne Laveissi\u00e8re<br><strong><mark style=\"background-color:rgba(0, 0, 0, 0);color:#f47f04\" class=\"has-inline-color\">Vid\u00e9o<\/mark><\/strong> \u2013 Pauline Monnet<br><strong><mark style=\"background-color:rgba(0, 0, 0, 0);color:#f68f01\" class=\"has-inline-color\">Musique originale et montage sonore<\/mark><\/strong> \u2013 St\u00e9phane Barascud<br>Voix \u2013 St\u00e9phanie Fontez<br><strong><mark style=\"background-color:rgba(0, 0, 0, 0);color:#f3a705\" class=\"has-inline-color\">Textes<\/mark><\/strong><br>Les d\u00e9tenues du Centre P\u00e9nitentiaire de Seysses<br><strong><mark style=\"background-color:rgba(0, 0, 0, 0);color:#f39f05\" class=\"has-inline-color\">Photos<\/mark><\/strong><br>Beno\u00eet Suau, St\u00e9phane Barascud, Pauline Monnet<br><strong>Remerciements \u00e0 Daniel Pennac<\/strong><br><strong><mark style=\"background-color:rgba(0, 0, 0, 0);color:#f89104\" class=\"has-inline-color\">Illustrations<\/mark><\/strong> r\u00e9alis\u00e9es sous la direction de Fabienne Havard<\/p>\n<\/div>\n\n\n\n<div class=\"wp-block-media-text is-stacked-on-mobile\" style=\"grid-template-columns:34% auto\"><figure class=\"wp-block-media-text__media\"><img loading=\"lazy\" decoding=\"async\" width=\"582\" height=\"1024\" src=\"http:\/\/plumesdelles.org\/wp-content\/uploads\/2024\/04\/couv-eclosion-582x1024.jpeg\" alt=\"\" class=\"wp-image-20 size-full\" srcset=\"https:\/\/plumesdelles.org\/wp-content\/uploads\/2024\/04\/couv-eclosion-582x1024.jpeg 582w, https:\/\/plumesdelles.org\/wp-content\/uploads\/2024\/04\/couv-eclosion-171x300.jpeg 171w, https:\/\/plumesdelles.org\/wp-content\/uploads\/2024\/04\/couv-eclosion-768x1351.jpeg 768w, https:\/\/plumesdelles.org\/wp-content\/uploads\/2024\/04\/couv-eclosion-873x1536.jpeg 873w, https:\/\/plumesdelles.org\/wp-content\/uploads\/2024\/04\/couv-eclosion.jpeg 923w\" sizes=\"auto, (max-width: 582px) 100vw, 582px\" \/><\/figure><div class=\"wp-block-media-text__content\">\n<p><a href=\"https:\/\/plumesdelles.org\/?page_id=280\">Livre<\/a> en vente sur le site.<\/p>\n<\/div><\/div>\n\n\n\n<p><strong>Avec le soutien de<br><\/strong>Minist\u00e8re de la culture et de la communication\/DRAC Midi-Pyr\u00e9n\u00e9es \u2013 Minist\u00e8re de la Justice\/SPIP de la Haute-Garonne et de l\u2019Ari\u00e8ge \u2013 Mairie de Toulouse \u2013 Conseil R\u00e9gional Midi-Pyr\u00e9n\u00e9es\/CRL \u2013 Editions du Griffon Bleu \u2013 Fondation La Poste \u2013 Fondation Orange<\/p>\n\n\n\n<hr class=\"wp-block-separator has-alpha-channel-opacity\"\/>\n\n\n\n<div class=\"wp-block-columns is-layout-flex wp-container-core-columns-is-layout-28f84493 wp-block-columns-is-layout-flex\">\n<div class=\"wp-block-column is-layout-flow wp-block-column-is-layout-flow\">\n<figure class=\"wp-block-image size-large\"><img loading=\"lazy\" decoding=\"async\" width=\"1024\" height=\"727\" src=\"http:\/\/plumesdelles.org\/wp-content\/uploads\/2024\/05\/image-site-3-1024x727.jpg\" alt=\"\" class=\"wp-image-84\" srcset=\"https:\/\/plumesdelles.org\/wp-content\/uploads\/2024\/05\/image-site-3-1024x727.jpg 1024w, https:\/\/plumesdelles.org\/wp-content\/uploads\/2024\/05\/image-site-3-300x213.jpg 300w, https:\/\/plumesdelles.org\/wp-content\/uploads\/2024\/05\/image-site-3-768x546.jpg 768w, https:\/\/plumesdelles.org\/wp-content\/uploads\/2024\/05\/image-site-3-1536x1091.jpg 1536w, https:\/\/plumesdelles.org\/wp-content\/uploads\/2024\/05\/image-site-3-2048x1455.jpg 2048w, https:\/\/plumesdelles.org\/wp-content\/uploads\/2024\/05\/image-site-3-1170x831.jpg 1170w\" sizes=\"auto, (max-width: 1024px) 100vw, 1024px\" \/><\/figure>\n<\/div>\n\n\n\n<div class=\"wp-block-column is-layout-flow wp-block-column-is-layout-flow\">\n<figure class=\"wp-block-image size-large is-resized\"><img loading=\"lazy\" decoding=\"async\" width=\"1024\" height=\"683\" src=\"http:\/\/plumesdelles.org\/wp-content\/uploads\/2024\/04\/eclosion-4-credit-Benoit-Suau-1024x683.jpg\" alt=\"\" class=\"wp-image-19\" style=\"width:372px;height:auto\" srcset=\"https:\/\/plumesdelles.org\/wp-content\/uploads\/2024\/04\/eclosion-4-credit-Benoit-Suau-1024x683.jpg 1024w, https:\/\/plumesdelles.org\/wp-content\/uploads\/2024\/04\/eclosion-4-credit-Benoit-Suau-300x200.jpg 300w, https:\/\/plumesdelles.org\/wp-content\/uploads\/2024\/04\/eclosion-4-credit-Benoit-Suau-768x512.jpg 768w, https:\/\/plumesdelles.org\/wp-content\/uploads\/2024\/04\/eclosion-4-credit-Benoit-Suau-1536x1024.jpg 1536w, https:\/\/plumesdelles.org\/wp-content\/uploads\/2024\/04\/eclosion-4-credit-Benoit-Suau-2048x1365.jpg 2048w\" sizes=\"auto, (max-width: 1024px) 100vw, 1024px\" \/><\/figure>\n<\/div>\n<\/div>\n\n\n\n<hr class=\"wp-block-separator has-alpha-channel-opacity\"\/>\n\n\n\n<div class=\"wp-block-buttons is-layout-flex wp-block-buttons-is-layout-flex\">\n<div class=\"wp-block-button\"><a class=\"wp-block-button__link wp-element-button\" href=\"http:\/\/plumesdelles.org\/wp-content\/uploads\/2024\/05\/JOURNAL-DE-CORPS.pdf\">Article de presse<\/a><\/div>\n<\/div>\n\n\n\n<hr class=\"wp-block-separator has-alpha-channel-opacity\"\/>\n\n\n\n<div class=\"wp-block-group is-nowrap is-layout-flex wp-container-core-group-is-layout-6c531013 wp-block-group-is-layout-flex\">\n<figure class=\"wp-block-image size-full is-resized\"><img loading=\"lazy\" decoding=\"async\" width=\"615\" height=\"655\" src=\"http:\/\/plumesdelles.org\/wp-content\/uploads\/2024\/05\/logo_ministere_justice_libertes.jpg\" alt=\"\" class=\"wp-image-52\" style=\"width:113px;height:auto\" srcset=\"https:\/\/plumesdelles.org\/wp-content\/uploads\/2024\/05\/logo_ministere_justice_libertes.jpg 615w, https:\/\/plumesdelles.org\/wp-content\/uploads\/2024\/05\/logo_ministere_justice_libertes-282x300.jpg 282w\" sizes=\"auto, (max-width: 615px) 100vw, 615px\" \/><\/figure>\n\n\n\n<figure class=\"wp-block-image size-full is-resized\"><img loading=\"lazy\" decoding=\"async\" width=\"501\" height=\"641\" src=\"http:\/\/plumesdelles.org\/wp-content\/uploads\/2024\/05\/Logo_Pref_Occitanie.jpg\" alt=\"\" class=\"wp-image-40\" style=\"width:89px;height:auto\" srcset=\"https:\/\/plumesdelles.org\/wp-content\/uploads\/2024\/05\/Logo_Pref_Occitanie.jpg 501w, https:\/\/plumesdelles.org\/wp-content\/uploads\/2024\/05\/Logo_Pref_Occitanie-234x300.jpg 234w\" sizes=\"auto, (max-width: 501px) 100vw, 501px\" \/><\/figure>\n\n\n\n<figure class=\"wp-block-image size-full is-resized\"><img loading=\"lazy\" decoding=\"async\" width=\"150\" height=\"150\" src=\"http:\/\/plumesdelles.org\/wp-content\/uploads\/2024\/05\/logo_mairie.png\" alt=\"\" class=\"wp-image-47\" style=\"width:105px;height:auto\"\/><\/figure>\n\n\n\n<figure class=\"wp-block-image size-full is-resized\"><img loading=\"lazy\" decoding=\"async\" width=\"480\" height=\"200\" src=\"https:\/\/plumesdelles.org\/wp-content\/uploads\/2024\/05\/fondation-la-poste.jpg\" alt=\"\" class=\"wp-image-342\" style=\"width:158px;height:auto\" srcset=\"https:\/\/plumesdelles.org\/wp-content\/uploads\/2024\/05\/fondation-la-poste.jpg 480w, https:\/\/plumesdelles.org\/wp-content\/uploads\/2024\/05\/fondation-la-poste-300x125.jpg 300w\" sizes=\"auto, (max-width: 480px) 100vw, 480px\" \/><\/figure>\n\n\n\n<figure class=\"wp-block-image size-large is-resized\"><img loading=\"lazy\" decoding=\"async\" width=\"1024\" height=\"299\" src=\"https:\/\/plumesdelles.org\/wp-content\/uploads\/2024\/05\/fondation-orange_logo-1024x299.jpeg\" alt=\"\" class=\"wp-image-343\" style=\"width:102px;height:auto\" srcset=\"https:\/\/plumesdelles.org\/wp-content\/uploads\/2024\/05\/fondation-orange_logo-1024x299.jpeg 1024w, https:\/\/plumesdelles.org\/wp-content\/uploads\/2024\/05\/fondation-orange_logo-300x88.jpeg 300w, https:\/\/plumesdelles.org\/wp-content\/uploads\/2024\/05\/fondation-orange_logo-768x224.jpeg 768w, https:\/\/plumesdelles.org\/wp-content\/uploads\/2024\/05\/fondation-orange_logo-1536x448.jpeg 1536w, https:\/\/plumesdelles.org\/wp-content\/uploads\/2024\/05\/fondation-orange_logo-2048x598.jpeg 2048w, https:\/\/plumesdelles.org\/wp-content\/uploads\/2024\/05\/fondation-orange_logo-1170x342.jpeg 1170w\" sizes=\"auto, (max-width: 1024px) 100vw, 1024px\" \/><\/figure>\n<\/div>\n","protected":false},"excerpt":{"rendered":"<p>Journal de corps f\u00e9minins en d\u00e9tention Des femmes en d\u00e9tention ont \u00e9crit quotidiennement le \u00ab journal de leur corps \u00bb, en \u00e9cho au livre de Daniel Pennac, Journal d\u2019un corps. Corps organique, musculaire, charnel, corps cocon, enferm\u00e9, incarc\u00e9r\u00e9, silencieux. Tant\u00f4t chrysalide, tant\u00f4t papillon, le corps se referme ou se d\u00e9ploie, retrouve ses sens ou les [&hellip;]<\/p>\n","protected":false},"author":1,"featured_media":0,"parent":0,"menu_order":0,"comment_status":"closed","ping_status":"closed","template":"","meta":{"footnotes":""},"class_list":["post-325","page","type-page","status-publish","hentry"],"_links":{"self":[{"href":"https:\/\/plumesdelles.org\/index.php?rest_route=\/wp\/v2\/pages\/325","targetHints":{"allow":["GET"]}}],"collection":[{"href":"https:\/\/plumesdelles.org\/index.php?rest_route=\/wp\/v2\/pages"}],"about":[{"href":"https:\/\/plumesdelles.org\/index.php?rest_route=\/wp\/v2\/types\/page"}],"author":[{"embeddable":true,"href":"https:\/\/plumesdelles.org\/index.php?rest_route=\/wp\/v2\/users\/1"}],"replies":[{"embeddable":true,"href":"https:\/\/plumesdelles.org\/index.php?rest_route=%2Fwp%2Fv2%2Fcomments&post=325"}],"version-history":[{"count":17,"href":"https:\/\/plumesdelles.org\/index.php?rest_route=\/wp\/v2\/pages\/325\/revisions"}],"predecessor-version":[{"id":462,"href":"https:\/\/plumesdelles.org\/index.php?rest_route=\/wp\/v2\/pages\/325\/revisions\/462"}],"wp:attachment":[{"href":"https:\/\/plumesdelles.org\/index.php?rest_route=%2Fwp%2Fv2%2Fmedia&parent=325"}],"curies":[{"name":"wp","href":"https:\/\/api.w.org\/{rel}","templated":true}]}}