{"id":295,"date":"2024-05-14T18:36:15","date_gmt":"2024-05-14T16:36:15","guid":{"rendered":"https:\/\/plumesdelles.org\/?page_id=295"},"modified":"2024-05-14T19:16:50","modified_gmt":"2024-05-14T17:16:50","slug":"fou-de-cirque","status":"publish","type":"page","link":"https:\/\/plumesdelles.org\/?page_id=295","title":{"rendered":"Fou de Cirque"},"content":{"rendered":"\n<div class=\"wp-block-group is-nowrap is-layout-flex wp-container-core-group-is-layout-6c531013 wp-block-group-is-layout-flex\">\n<p><strong>LECTURE, MUSIQUE ET ACROBATIE<\/strong> \u00e0 partir de 6 ans<br><em>Fou de cirque<\/em> nous propose de croire en la r\u00e9alisation de nos r\u00eaves, m\u00eame les plus fous, m\u00eame ceux qui nous viennent de loin, de notre enfance.<br>Ce spectacle jeune public, plein d\u2019humour et de tendresse, invite les enfants \u00e0 se r\u00e9aliser dans ce qui les fait r\u00eaver, ce qui les \u00e9panouira : inventer la vie que l\u2019on d\u00e9cide de mener, m\u00eame si elle se situe hors des sentiers battus, une vie rendue possible et plausible par son propre d\u00e9sir et sa propre cr\u00e9ativit\u00e9.<\/p>\n<\/div>\n\n\n\n<div class=\"wp-block-group is-nowrap is-layout-flex wp-container-core-group-is-layout-6c531013 wp-block-group-is-layout-flex\">\n<figure class=\"wp-block-image size-full is-resized\"><img loading=\"lazy\" decoding=\"async\" width=\"900\" height=\"600\" src=\"http:\/\/plumesdelles.org\/wp-content\/uploads\/2024\/04\/Fou-de-cirque-3-\u00a9-Gilles-Vidal.jpg\" alt=\"\" class=\"wp-image-12\" style=\"width:366px\" srcset=\"https:\/\/plumesdelles.org\/wp-content\/uploads\/2024\/04\/Fou-de-cirque-3-\u00a9-Gilles-Vidal.jpg 900w, https:\/\/plumesdelles.org\/wp-content\/uploads\/2024\/04\/Fou-de-cirque-3-\u00a9-Gilles-Vidal-300x200.jpg 300w, https:\/\/plumesdelles.org\/wp-content\/uploads\/2024\/04\/Fou-de-cirque-3-\u00a9-Gilles-Vidal-768x512.jpg 768w\" sizes=\"auto, (max-width: 900px) 100vw, 900px\" \/><\/figure>\n\n\n\n<figure class=\"wp-block-image size-full is-resized\"><img loading=\"lazy\" decoding=\"async\" width=\"600\" height=\"900\" src=\"http:\/\/plumesdelles.org\/wp-content\/uploads\/2024\/04\/Fou-de-cirque-1-\u00a9-Gilles-Vidal.jpg\" alt=\"\" class=\"wp-image-10\" style=\"width:159px;height:auto\" srcset=\"https:\/\/plumesdelles.org\/wp-content\/uploads\/2024\/04\/Fou-de-cirque-1-\u00a9-Gilles-Vidal.jpg 600w, https:\/\/plumesdelles.org\/wp-content\/uploads\/2024\/04\/Fou-de-cirque-1-\u00a9-Gilles-Vidal-200x300.jpg 200w\" sizes=\"auto, (max-width: 600px) 100vw, 600px\" \/><\/figure>\n\n\n\n<figure class=\"wp-block-image size-full is-resized\"><img loading=\"lazy\" decoding=\"async\" width=\"900\" height=\"600\" src=\"http:\/\/plumesdelles.org\/wp-content\/uploads\/2024\/04\/Fou-de-cirque-2-\u00a9-Gilles-Vidal.jpg\" alt=\"\" class=\"wp-image-11\" style=\"width:366px;height:auto\" srcset=\"https:\/\/plumesdelles.org\/wp-content\/uploads\/2024\/04\/Fou-de-cirque-2-\u00a9-Gilles-Vidal.jpg 900w, https:\/\/plumesdelles.org\/wp-content\/uploads\/2024\/04\/Fou-de-cirque-2-\u00a9-Gilles-Vidal-300x200.jpg 300w, https:\/\/plumesdelles.org\/wp-content\/uploads\/2024\/04\/Fou-de-cirque-2-\u00a9-Gilles-Vidal-768x512.jpg 768w\" sizes=\"auto, (max-width: 900px) 100vw, 900px\" \/><\/figure>\n<\/div>\n\n\n\n<p><mark style=\"background-color:rgba(0, 0, 0, 0);color:#0aa12b\" class=\"has-inline-color\">Une lectrice \u2014 St\u00e9phanie Fontez<\/mark>, de la Cie Plumes d\u2019Elles, qui lit l\u2019histoire avec malice et douceur.<br><mark style=\"background-color:rgba(0, 0, 0, 0);color:#05a205\" class=\"has-inline-color\">Un musicien \u2014 St\u00e9phane Barascud<\/mark>, de la Cie Plumes d\u2019Elles, qui invente des musiques d\u2019ici et de partout, qui rugit, barrit et grogne \u00e0 la demande !<br><mark style=\"background-color:rgba(0, 0, 0, 0);color:#03a90b\" class=\"has-inline-color\">Un acrobate \u2014 Antoine Isnard-Dupuy<\/mark>, de la Cie du Contrevent, qui nous fait vivre chaque seconde de la lecture, et la transforme en v\u00e9ritable performance circassienne. Jonglage, virevolte, domptage, danse, lanc\u00e9 de couteaux, pirouettes aquatiques\u2026 Tout y est, en vrai!<br><strong>Production<\/strong> Le Marathon des mots, Cie du Contrevent, Cie Plumes d\u2019Elles<br><strong>Producteur ex\u00e9cutif<\/strong> Les Th\u00e9r\u00e8ses<br><strong>Photos<\/strong> Gilles Vidal<\/p>\n\n\n\n<div class=\"wp-block-buttons is-content-justification-center is-layout-flex wp-container-core-buttons-is-layout-a89b3969 wp-block-buttons-is-layout-flex\">\n<div class=\"wp-block-button has-custom-width wp-block-button__width-50 has-custom-font-size is-style-outline has-medium-font-size is-style-outline--1\"><a class=\"wp-block-button__link has-background wp-element-button\" style=\"background-color:#51a836\">Le dossier<\/a><\/div>\n<\/div>\n\n\n\n<hr class=\"wp-block-separator has-alpha-channel-opacity\"\/>\n\n\n\n<div class=\"wp-block-group is-nowrap is-layout-flex wp-container-core-group-is-layout-6c531013 wp-block-group-is-layout-flex\">\n<figure class=\"wp-block-image size-full is-resized\"><img loading=\"lazy\" decoding=\"async\" width=\"276\" height=\"390\" src=\"http:\/\/plumesdelles.org\/wp-content\/uploads\/2024\/05\/Marathon.jpg\" alt=\"\" class=\"wp-image-49\" style=\"width:130px;height:auto\" srcset=\"https:\/\/plumesdelles.org\/wp-content\/uploads\/2024\/05\/Marathon.jpg 276w, https:\/\/plumesdelles.org\/wp-content\/uploads\/2024\/05\/Marathon-212x300.jpg 212w\" sizes=\"auto, (max-width: 276px) 100vw, 276px\" \/><\/figure>\n\n\n\n<figure class=\"wp-block-image size-full is-resized\"><img loading=\"lazy\" decoding=\"async\" width=\"300\" height=\"300\" src=\"http:\/\/plumesdelles.org\/wp-content\/uploads\/2024\/05\/LOGO-TM.png\" alt=\"\" class=\"wp-image-55\" style=\"width:154px;height:auto\" srcset=\"https:\/\/plumesdelles.org\/wp-content\/uploads\/2024\/05\/LOGO-TM.png 300w, https:\/\/plumesdelles.org\/wp-content\/uploads\/2024\/05\/LOGO-TM-150x150.png 150w\" sizes=\"auto, (max-width: 300px) 100vw, 300px\" \/><\/figure>\n<\/div>\n","protected":false},"excerpt":{"rendered":"<p>LECTURE, MUSIQUE ET ACROBATIE \u00e0 partir de 6 ansFou de cirque nous propose de croire en la r\u00e9alisation de nos r\u00eaves, m\u00eame les plus fous, m\u00eame ceux qui nous viennent de loin, de notre enfance.Ce spectacle jeune public, plein d\u2019humour et de tendresse, invite les enfants \u00e0 se r\u00e9aliser dans ce qui les fait r\u00eaver, [&hellip;]<\/p>\n","protected":false},"author":1,"featured_media":0,"parent":0,"menu_order":0,"comment_status":"closed","ping_status":"closed","template":"","meta":{"footnotes":""},"class_list":["post-295","page","type-page","status-publish","hentry"],"_links":{"self":[{"href":"https:\/\/plumesdelles.org\/index.php?rest_route=\/wp\/v2\/pages\/295","targetHints":{"allow":["GET"]}}],"collection":[{"href":"https:\/\/plumesdelles.org\/index.php?rest_route=\/wp\/v2\/pages"}],"about":[{"href":"https:\/\/plumesdelles.org\/index.php?rest_route=\/wp\/v2\/types\/page"}],"author":[{"embeddable":true,"href":"https:\/\/plumesdelles.org\/index.php?rest_route=\/wp\/v2\/users\/1"}],"replies":[{"embeddable":true,"href":"https:\/\/plumesdelles.org\/index.php?rest_route=%2Fwp%2Fv2%2Fcomments&post=295"}],"version-history":[{"count":17,"href":"https:\/\/plumesdelles.org\/index.php?rest_route=\/wp\/v2\/pages\/295\/revisions"}],"predecessor-version":[{"id":352,"href":"https:\/\/plumesdelles.org\/index.php?rest_route=\/wp\/v2\/pages\/295\/revisions\/352"}],"wp:attachment":[{"href":"https:\/\/plumesdelles.org\/index.php?rest_route=%2Fwp%2Fv2%2Fmedia&parent=295"}],"curies":[{"name":"wp","href":"https:\/\/api.w.org\/{rel}","templated":true}]}}