{"id":280,"date":"2024-05-13T21:20:12","date_gmt":"2024-05-13T19:20:12","guid":{"rendered":"https:\/\/plumesdelles.org\/?page_id=280"},"modified":"2026-03-24T19:25:04","modified_gmt":"2026-03-24T18:25:04","slug":"livres","status":"publish","type":"page","link":"https:\/\/plumesdelles.org\/?page_id=280","title":{"rendered":"Livres"},"content":{"rendered":"\n<p style=\"padding-top:0;padding-right:0;padding-bottom:0;padding-left:0\">Nous mettons certains de nos projets en livres.<\/p>\n\n\n\n<p style=\"padding-top:0;padding-right:0;padding-bottom:0;padding-left:0\">Si vous souhaitez vous les procurer, contactez-nous !<\/p>\n\n\n\n<ul class=\"wp-block-social-links aligncenter has-huge-icon-size has-icon-color has-icon-background-color is-style-pill-shape is-content-justification-center is-layout-flex wp-container-core-social-links-is-layout-7881e7c6 wp-block-social-links-is-layout-flex\" style=\"margin-top:0;margin-bottom:0\"><li style=\"color:#010101;background-color:#9cb2bf;\" class=\"wp-social-link wp-social-link-mail has-dark-color wp-block-social-link\"><a rel=\"noopener nofollow\" target=\"_blank\" href=\"mailto:p&#108;&#117;&#109;&#101;&#115;&#100;el&#108;e&#115;&#051;1&#064;g&#109;&#097;il.c&#111;m\" class=\"wp-block-social-link-anchor\"><svg width=\"24\" height=\"24\" viewBox=\"0 0 24 24\" version=\"1.1\" xmlns=\"http:\/\/www.w3.org\/2000\/svg\" aria-hidden=\"true\" focusable=\"false\"><path d=\"M19,5H5c-1.1,0-2,.9-2,2v10c0,1.1.9,2,2,2h14c1.1,0,2-.9,2-2V7c0-1.1-.9-2-2-2zm.5,12c0,.3-.2.5-.5.5H5c-.3,0-.5-.2-.5-.5V9.8l7.5,5.6,7.5-5.6V17zm0-9.1L12,13.6,4.5,7.9V7c0-.3.2-.5.5-.5h14c.3,0,.5.2.5.5v.9z\"><\/path><\/svg><span class=\"wp-block-social-link-label screen-reader-text\">plumesdelles31@gmail.com<\/span><\/a><\/li><\/ul>\n\n\n\n<hr class=\"wp-block-separator has-alpha-channel-opacity\"\/>\n\n\n\n<h2 class=\"wp-block-heading\"><mark style=\"background-color:rgba(0, 0, 0, 0)\" class=\"has-inline-color has-custom-couleur-1-color\">Dans mon Ch\u00e2teau\u2026<\/mark> &#8211; St\u00e9phanie Fontez<\/h2>\n\n\n\n<h2 class=\"wp-block-heading\">Po\u00e9sie Enfants<\/h2>\n\n\n\n<div class=\"wp-block-media-text is-stacked-on-mobile\" style=\"grid-template-columns:35% auto\"><figure class=\"wp-block-media-text__media\"><img loading=\"lazy\" decoding=\"async\" width=\"607\" height=\"1024\" src=\"http:\/\/plumesdelles.org\/wp-content\/uploads\/2024\/05\/Couverture-dans-mon-chateau-site-607x1024.jpg\" alt=\"\" class=\"wp-image-61 size-full\" srcset=\"https:\/\/plumesdelles.org\/wp-content\/uploads\/2024\/05\/Couverture-dans-mon-chateau-site-607x1024.jpg 607w, https:\/\/plumesdelles.org\/wp-content\/uploads\/2024\/05\/Couverture-dans-mon-chateau-site-178x300.jpg 178w, https:\/\/plumesdelles.org\/wp-content\/uploads\/2024\/05\/Couverture-dans-mon-chateau-site.jpg 711w\" sizes=\"auto, (max-width: 607px) 100vw, 607px\" \/><\/figure><div class=\"wp-block-media-text__content\">\n<p>Dans mon ch\u00e2teau, il fait doux, il fait caresses.<br>L\u2019eau se faufile comme un voile sur le sable chaud, et si je laisse tra\u00eener un pied, elle susurre alors \u00e0 ma peau un frisson de sel qui pourrait bien monter jusqu\u2019\u00e0 mon oreille.<br>Dans mon ch\u00e2teau habite une princesse.<br>Elle est toute de poudre, si vous la touchez, elle s\u2019\u00e9miette. Elle est telle une groseille, douce, lisse, lumineuse, \u00e0 la bouche vermeille.<br>Elle est aussi\u2026 borgne !<br>Et n\u2019y voit donc que d\u2019un oeil\u2026<\/p>\n\n\n\n<p><br><strong>Illustrations : Camille Caruhel \/ 8\u20ac<\/strong><\/p>\n<\/div><\/div>\n\n\n\n<hr class=\"wp-block-separator has-alpha-channel-opacity\"\/>\n\n\n\n<h2 class=\"wp-block-heading\"><mark style=\"background-color:rgba(0, 0, 0, 0)\" class=\"has-inline-color has-custom-couleur-1-color\">Les 7 Familles <\/mark>&#8211; St\u00e9phanie Fontez<\/h2>\n\n\n\n<h2 class=\"wp-block-heading\">Th\u00e9\u00e2tre Enfants<\/h2>\n\n\n\n<div class=\"wp-block-media-text is-stacked-on-mobile\" style=\"grid-template-columns:36% auto\"><figure class=\"wp-block-media-text__media\"><img loading=\"lazy\" decoding=\"async\" width=\"621\" height=\"1024\" src=\"http:\/\/plumesdelles.org\/wp-content\/uploads\/2024\/05\/Couverture-les-7-familles-621x1024.jpg\" alt=\"\" class=\"wp-image-60 size-full\" srcset=\"https:\/\/plumesdelles.org\/wp-content\/uploads\/2024\/05\/Couverture-les-7-familles-621x1024.jpg 621w, https:\/\/plumesdelles.org\/wp-content\/uploads\/2024\/05\/Couverture-les-7-familles-182x300.jpg 182w, https:\/\/plumesdelles.org\/wp-content\/uploads\/2024\/05\/Couverture-les-7-familles-768x1267.jpg 768w, https:\/\/plumesdelles.org\/wp-content\/uploads\/2024\/05\/Couverture-les-7-familles-931x1536.jpg 931w, https:\/\/plumesdelles.org\/wp-content\/uploads\/2024\/05\/Couverture-les-7-familles.jpg 1063w\" sizes=\"auto, (max-width: 621px) 100vw, 621px\" \/><\/figure><div class=\"wp-block-media-text__content\">\n<p><br>\u2013 Famille : du latin familia, famulus\u2026<br>\u2013 N\u2019importe quoi ! Famille : mot d\u2019origine polaire. Lieu du froid et du chaud.<br>\u2013 Famille : mot tomb\u00e9 d\u2019une fleur. Avec des p\u00e9tales qui meurent et d\u2019autres qui naissent.<br>\u2013 Famille : mot chinois. Synonyme : nouille. Ma s\u0153ur est une nouille !<br><em>Petit refrain<\/em><br>Famille \u00e0 s\u0153urs, famille \u00e0 fr\u00e8res, mais quel enfer !<br>\u00c0 moi \u00e0 toi, et c\u2019est pas juste, et \u00e7a s\u2019fait pas !<br>Famille \u00e0 s\u0153urs, famille \u00e0 fr\u00e8res, mais quel enfer !<br>\u00c0 moins que\u2026 \u00e0 moins que\u2026<br>Derri\u00e8re un moi et sous nos toits, le nous soit l\u00e0, le nous soit roi !<\/p>\n\n\n\n<p><br><strong>Illustrations : Camille Caruhel \/ 8\u20ac<\/strong><\/p>\n<\/div><\/div>\n\n\n\n<hr class=\"wp-block-separator has-alpha-channel-opacity\"\/>\n\n\n\n<h2 class=\"wp-block-heading\"><mark style=\"background-color:rgba(0, 0, 0, 0)\" class=\"has-inline-color has-custom-couleur-1-color\">Petite Sagesse<\/mark> &#8211; St\u00e9phanie Fontez et Sylvie R. Soumah<\/h2>\n\n\n\n<h2 class=\"wp-block-heading\">Conte musical avec CD audio<\/h2>\n\n\n\n<div class=\"wp-block-media-text is-stacked-on-mobile\" style=\"grid-template-columns:41% auto\"><figure class=\"wp-block-media-text__media\"><img loading=\"lazy\" decoding=\"async\" width=\"502\" height=\"706\" src=\"http:\/\/plumesdelles.org\/wp-content\/uploads\/2024\/05\/couverture-Petite-Sagesse.jpg\" alt=\"\" class=\"wp-image-56 size-full\" srcset=\"https:\/\/plumesdelles.org\/wp-content\/uploads\/2024\/05\/couverture-Petite-Sagesse.jpg 502w, https:\/\/plumesdelles.org\/wp-content\/uploads\/2024\/05\/couverture-Petite-Sagesse-213x300.jpg 213w\" sizes=\"auto, (max-width: 502px) 100vw, 502px\" \/><\/figure><div class=\"wp-block-media-text__content\">\n<p><em>Petite Sagesse<\/em> est l\u2019histoire vraie d\u2019une enfant venue d\u2019Afrique, Sira, qui a choisi de quitter son pays et sa famille pour ne pas \u00eatre mari\u00e9e de force et pour continuer d\u2019aller \u00e0 l\u2019\u00e9cole. On y croise la joie de la vie en Afrique, la musique, les odeurs, les couleurs. Et la douleur de l\u2019abandon, du travail impos\u00e9, de la perte de l\u2019innocence forc\u00e9e.<br>Sira traverse l\u2019enfance, les d\u00e9serts, la M\u00e9diterran\u00e9e. On la suit dans cette travers\u00e9e cont\u00e9e, musicale et chant\u00e9e, dans ce voyage initiatique vers son destin de femme libre, au-del\u00e0 des mers, des sables, des montagnes\u2026<\/p>\n\n\n\n<p><br><strong>Editions Le Griffon Bleu \/ 10\u20ac<br>Illustrations : Fabienne Havard<\/strong><\/p>\n<\/div><\/div>\n\n\n\n<hr class=\"wp-block-separator has-alpha-channel-opacity\"\/>\n\n\n\n<h2 class=\"wp-block-heading\"><mark style=\"background-color:rgba(0, 0, 0, 0)\" class=\"has-inline-color has-custom-couleur-1-color\">\u00e9CLOSion<\/mark> &#8211; Journal de corps f\u00e9minins en d\u00e9tention.<\/h2>\n\n\n\n<h2 class=\"wp-block-heading\">Textes \u00e9crits par des d\u00e9tenues du Centre P\u00e9nitentiaire de Seysses sous la direction de St\u00e9phanie Fontez<\/h2>\n\n\n\n<div class=\"wp-block-media-text is-stacked-on-mobile\" style=\"grid-template-columns:44% auto\"><figure class=\"wp-block-media-text__media\"><img loading=\"lazy\" decoding=\"async\" width=\"582\" height=\"1024\" src=\"http:\/\/plumesdelles.org\/wp-content\/uploads\/2024\/04\/couv-eclosion-582x1024.jpeg\" alt=\"\" class=\"wp-image-20 size-full\" srcset=\"https:\/\/plumesdelles.org\/wp-content\/uploads\/2024\/04\/couv-eclosion-582x1024.jpeg 582w, https:\/\/plumesdelles.org\/wp-content\/uploads\/2024\/04\/couv-eclosion-171x300.jpeg 171w, https:\/\/plumesdelles.org\/wp-content\/uploads\/2024\/04\/couv-eclosion-768x1351.jpeg 768w, https:\/\/plumesdelles.org\/wp-content\/uploads\/2024\/04\/couv-eclosion-873x1536.jpeg 873w, https:\/\/plumesdelles.org\/wp-content\/uploads\/2024\/04\/couv-eclosion.jpeg 923w\" sizes=\"auto, (max-width: 582px) 100vw, 582px\" \/><\/figure><div class=\"wp-block-media-text__content\">\n<p>Des femmes en d\u00e9tention ont \u00e9crit quotidiennement le journal de leur corps. Corps organique, musculaire,<br>charnel, corps-cocon, enferm\u00e9, incarc\u00e9r\u00e9, silencieux. Tant\u00f4t chrysalide, tant\u00f4t papillon, le corps se referme ou se d\u00e9ploie, retrouve ses sens ou les perd, manque d\u2019espace et cherche sa respiration, son mouvement,<br>ses battements\u2026<br>Il s\u2019exprime \u00e0 travers l\u2019\u00e9criture, la danse et la peinture.<br>Les peintures ont \u00e9t\u00e9 r\u00e9alis\u00e9es sous la direction de Fabienne Havard.<\/p>\n\n\n\n<p><br><strong>Editions Le Griffon Bleu \/ 9\u20ac50<\/strong><\/p>\n<\/div><\/div>\n\n\n\n<hr class=\"wp-block-separator has-alpha-channel-opacity\"\/>\n\n\n\n<h2 class=\"wp-block-heading\"><mark style=\"background-color:rgba(0, 0, 0, 0)\" class=\"has-inline-color has-custom-couleur-1-color\">Id\u00e9es d\u2019Identit\u00e9s<\/mark><\/h2>\n\n\n\n<div class=\"wp-block-media-text is-stacked-on-mobile\" style=\"grid-template-columns:45% auto\"><figure class=\"wp-block-media-text__media\"><img loading=\"lazy\" decoding=\"async\" width=\"731\" height=\"1024\" src=\"http:\/\/plumesdelles.org\/wp-content\/uploads\/2024\/05\/couv-cdef-22-731x1024.jpg\" alt=\"\" class=\"wp-image-59 size-full\" srcset=\"https:\/\/plumesdelles.org\/wp-content\/uploads\/2024\/05\/couv-cdef-22-731x1024.jpg 731w, https:\/\/plumesdelles.org\/wp-content\/uploads\/2024\/05\/couv-cdef-22-214x300.jpg 214w, https:\/\/plumesdelles.org\/wp-content\/uploads\/2024\/05\/couv-cdef-22-768x1076.jpg 768w, https:\/\/plumesdelles.org\/wp-content\/uploads\/2024\/05\/couv-cdef-22-1096x1536.jpg 1096w, https:\/\/plumesdelles.org\/wp-content\/uploads\/2024\/05\/couv-cdef-22.jpg 1200w\" sizes=\"auto, (max-width: 731px) 100vw, 731px\" \/><\/figure><div class=\"wp-block-media-text__content\">\n<p>Photos et paroles d\u2019adolescents migrants qui questionnent la notion d\u2019identit\u00e9, interrogent le sens que<br>chacun peut lui donner.<br>Nous avons voulu creuser les multiples facettes que recouvre l\u2019identit\u00e9 pour ces adolescents venus de loin, identit\u00e9 si multiple et singuli\u00e8re \u00e0 la fois. Identit\u00e9 color\u00e9e, brouill\u00e9e, ancestrale, et identit\u00e9 collective, n\u00e9cessairement partag\u00e9e, en mouvement, p\u00e9tillante\u2026<\/p>\n\n\n\n<p>Projet men\u00e9 avec le SAAJ\/CDEF Toulouse, en partenariat avec le Conseil D\u00e9partemental de Haute-Garonne et le Minist\u00e8re de la Culture\/DRAC Occitanie.<\/p>\n\n\n\n<p><strong>10\u20ac<\/strong><\/p>\n<\/div><\/div>\n\n\n\n<hr class=\"wp-block-separator has-alpha-channel-opacity\"\/>\n\n\n\n<div class=\"wp-block-columns is-layout-flex wp-container-core-columns-is-layout-28f84493 wp-block-columns-is-layout-flex\">\n<div class=\"wp-block-column is-layout-flow wp-block-column-is-layout-flow\">\n<figure class=\"wp-block-image size-full\"><img loading=\"lazy\" decoding=\"async\" width=\"600\" height=\"600\" src=\"https:\/\/plumesdelles.org\/wp-content\/uploads\/2026\/03\/couverture_stephanie-fontez_manque-constant.jpg\" alt=\"\" class=\"wp-image-497\" srcset=\"https:\/\/plumesdelles.org\/wp-content\/uploads\/2026\/03\/couverture_stephanie-fontez_manque-constant.jpg 600w, https:\/\/plumesdelles.org\/wp-content\/uploads\/2026\/03\/couverture_stephanie-fontez_manque-constant-300x300.jpg 300w, https:\/\/plumesdelles.org\/wp-content\/uploads\/2026\/03\/couverture_stephanie-fontez_manque-constant-150x150.jpg 150w\" sizes=\"auto, (max-width: 600px) 100vw, 600px\" \/><\/figure>\n<\/div>\n\n\n\n<div class=\"wp-block-column is-layout-flow wp-block-column-is-layout-flow\">\n<p>\u00c0 la mi-journ\u00e9e, l&rsquo;homme a le droit de quitter son travail, il a accompli sa t\u00e2che. Il a le droit d&rsquo;oublier. <\/p>\n\n\n\n<p>Roman publi\u00e9 chez <a href=\"https:\/\/www.azartatelier-editions.com\/livre\/manque-constant-dinvestissement-dans-leffort-de-stephanie-fontez\/\">Az&rsquo;Art Ateliers \u00c9ditions<\/a><\/p>\n<\/div>\n<\/div>\n\n\n\n<p><\/p>\n\n\n\n<hr class=\"wp-block-separator alignfull has-alpha-channel-opacity\"\/>\n\n\n\n<div class=\"wp-block-columns is-layout-flex wp-container-core-columns-is-layout-28f84493 wp-block-columns-is-layout-flex\">\n<div class=\"wp-block-column is-layout-flow wp-block-column-is-layout-flow\">\n<figure class=\"wp-block-image size-large\"><img loading=\"lazy\" decoding=\"async\" width=\"721\" height=\"1024\" src=\"https:\/\/plumesdelles.org\/wp-content\/uploads\/2026\/03\/couv_decouvrir_echo_signes-721x1024.jpg\" alt=\"\" class=\"wp-image-495\" srcset=\"https:\/\/plumesdelles.org\/wp-content\/uploads\/2026\/03\/couv_decouvrir_echo_signes-721x1024.jpg 721w, https:\/\/plumesdelles.org\/wp-content\/uploads\/2026\/03\/couv_decouvrir_echo_signes-211x300.jpg 211w, https:\/\/plumesdelles.org\/wp-content\/uploads\/2026\/03\/couv_decouvrir_echo_signes-768x1090.jpg 768w, https:\/\/plumesdelles.org\/wp-content\/uploads\/2026\/03\/couv_decouvrir_echo_signes-1082x1536.jpg 1082w, https:\/\/plumesdelles.org\/wp-content\/uploads\/2026\/03\/couv_decouvrir_echo_signes-1443x2048.jpg 1443w, https:\/\/plumesdelles.org\/wp-content\/uploads\/2026\/03\/couv_decouvrir_echo_signes-1170x1661.jpg 1170w, https:\/\/plumesdelles.org\/wp-content\/uploads\/2026\/03\/couv_decouvrir_echo_signes.jpg 1640w\" sizes=\"auto, (max-width: 721px) 100vw, 721px\" \/><\/figure>\n<\/div>\n\n\n\n<div class=\"wp-block-column is-layout-flow wp-block-column-is-layout-flow\">\n<p>Ce roman raconte la d\u00e9couverte du monde des Sourds par une femme qui entend et qui pose des questions \u00e0 une femme sourde. Comment sont les bruits pour elle, que raconte sa langue, sa po\u00e9sie, quelles sont ses \u00e9motions, ses sensations&#8230; Petit \u00e0 petit, nous plongeons avec elles deux dans une nouvelle vie.<\/p>\n\n\n\n<p>Ce livre a \u00e9t\u00e9 \u00e9crit gr\u00e2ce \u00e0 la rencontre de trois femmes. St\u00e9phanie Fontez &#8211; \u00e9crivaine, Florence Houmad &#8211; com\u00e9dienne sourde, Alice Bellostas &#8211; interpr\u00e8te. <\/p>\n\n\n\n<p><a href=\"https:\/\/lastrebleu-editions.fr\/librairie-de-l-astre-bleu\/helium\/decouvrir-lecho-des-signes\/\">En vente chez l&rsquo;Astre Bleu \u00e9dition<\/a><\/p>\n<\/div>\n<\/div>\n\n\n\n<p><\/p>\n","protected":false},"excerpt":{"rendered":"<p>Nous mettons certains de nos projets en livres. Si vous souhaitez vous les procurer, contactez-nous ! Dans mon Ch\u00e2teau\u2026 &#8211; St\u00e9phanie Fontez Po\u00e9sie Enfants Dans mon ch\u00e2teau, il fait doux, il fait caresses.L\u2019eau se faufile comme un voile sur le sable chaud, et si je laisse tra\u00eener un pied, elle susurre alors \u00e0 ma peau [&hellip;]<\/p>\n","protected":false},"author":1,"featured_media":0,"parent":0,"menu_order":0,"comment_status":"closed","ping_status":"closed","template":"","meta":{"footnotes":""},"class_list":["post-280","page","type-page","status-publish","hentry"],"_links":{"self":[{"href":"https:\/\/plumesdelles.org\/index.php?rest_route=\/wp\/v2\/pages\/280","targetHints":{"allow":["GET"]}}],"collection":[{"href":"https:\/\/plumesdelles.org\/index.php?rest_route=\/wp\/v2\/pages"}],"about":[{"href":"https:\/\/plumesdelles.org\/index.php?rest_route=\/wp\/v2\/types\/page"}],"author":[{"embeddable":true,"href":"https:\/\/plumesdelles.org\/index.php?rest_route=\/wp\/v2\/users\/1"}],"replies":[{"embeddable":true,"href":"https:\/\/plumesdelles.org\/index.php?rest_route=%2Fwp%2Fv2%2Fcomments&post=280"}],"version-history":[{"count":17,"href":"https:\/\/plumesdelles.org\/index.php?rest_route=\/wp\/v2\/pages\/280\/revisions"}],"predecessor-version":[{"id":501,"href":"https:\/\/plumesdelles.org\/index.php?rest_route=\/wp\/v2\/pages\/280\/revisions\/501"}],"wp:attachment":[{"href":"https:\/\/plumesdelles.org\/index.php?rest_route=%2Fwp%2Fv2%2Fmedia&parent=280"}],"curies":[{"name":"wp","href":"https:\/\/api.w.org\/{rel}","templated":true}]}}