{"id":218,"date":"2024-05-13T15:22:36","date_gmt":"2024-05-13T13:22:36","guid":{"rendered":"https:\/\/plumesdelles.org\/?page_id=218"},"modified":"2024-06-10T11:40:44","modified_gmt":"2024-06-10T09:40:44","slug":"capsules-sonores","status":"publish","type":"page","link":"https:\/\/plumesdelles.org\/?page_id=218","title":{"rendered":"Capsules sonores"},"content":{"rendered":"\n<h2 class=\"wp-block-heading\"><\/h2>\n\n\n\n<p>Circuler entre paroles, \u00e9criture, sons, jeux de r\u00e9p\u00e9titions, cr\u00e9ativit\u00e9 litt\u00e9raire, invention de langages, partage \u00e0 haute voix, bruitage\u2026 Les capsules sonores ont pour objectif de dire, de partager, de favoriser la cr\u00e9ativit\u00e9 personnelle et collective, sans aucun pr\u00e9requis de niveau. Il suffit juste d\u2019avoir envie !<br>Ce travail d\u2019interventions et de cr\u00e9ations partag\u00e9es peut s\u2019adresser \u00e0 des \u00e9coles, des groupes d\u2019enfants, d\u2019adolescents, des groupes d\u2019adultes\u2026 et aboutit \u00e0 la r\u00e9alisations de capsules sonores qui peuvent \u00eatre diffus\u00e9es sur des sites, des radios, en podcast, en ligne\u2026<br>Nous travaillons r\u00e9guli\u00e8rement sur ces interventions avec des \u00e9coles (Passeport pour l\u2019Art), des coll\u00e8ges (Parcours La\u00efques et Citoyens), en maison de retraite, avec des adolescents mineurs (CDEF\/PJJ), des personnes en alphab\u00e9tisation (le Pied \u00e0 l\u2019Encrier), des personnes venant d\u2019arriver sur le territoire (Minist\u00e8re de la Culture), des Comit\u00e9 d\u2019Entreprise (Airbus), des CLAE (Mots doux mots fous et Miam, festin sonore! &#8211; LEC\/Grand Sud)<\/p>\n\n\n\n<h2 class=\"wp-block-heading has-text-align-center\"><strong>Voici un \u00e9chantillon de ces capsules sonores\u2026<\/strong><\/h2>\n\n\n\n<div class=\"wp-block-group is-nowrap is-layout-flex wp-container-core-group-is-layout-6c531013 wp-block-group-is-layout-flex\">\n<p><strong><mark style=\"background-color:rgba(0, 0, 0, 0)\" class=\"has-inline-color has-custom-couleur-1-color\">Miam ! Festin sonore ! 2023\/2024<\/mark><br>Avec Loisirs Education et Citoyennet\u00e9 Grand Sud<br><\/strong>Vous avez faim de mots, de sons ? Vous avez envie d&rsquo;inventer le menu du futur, ou de raconter en po\u00e9sie le trajet des aliments dans le corps ? Et faire de la musique avec un paquet de lentilles et une fourchette, \u00e7a vous dirait ?<br>Autant d&rsquo;inventions, de possibilit\u00e9s explor\u00e9es par tous ceux, toutes celles, qui nous ont rejoints sur ce projet un peu dingue !<\/p>\n\n\n\n<p><\/p>\n\n\n\n<p><\/p>\n\n\n\n<p><\/p>\n<\/div>\n\n\n\n<div class=\"wp-block-buttons is-layout-flex wp-block-buttons-is-layout-flex\">\n<div class=\"wp-block-button\"><a class=\"wp-block-button__link wp-element-button\" href=\"http:\/\/plumesdelles.org\/wp-content\/uploads\/2024\/06\/Montage-Final-Apero1.mp3\">\u00c0 \u00e9couter Ap\u00e9ro n\u00b01<\/a><\/div>\n\n\n\n<div class=\"wp-block-button\"><a class=\"wp-block-button__link wp-element-button\" href=\"http:\/\/plumesdelles.org\/wp-content\/uploads\/2024\/06\/Montage-Final-Apero2.mp3\">\u00c0 \u00e9couter Ap\u00e9ro n\u00b02<\/a><\/div>\n\n\n\n<div class=\"wp-block-button\"><a class=\"wp-block-button__link wp-element-button\" href=\"http:\/\/plumesdelles.org\/wp-content\/uploads\/2024\/06\/Montage-Final-Plat-Principal-1.mp3\">\u00c0 \u00e9couter Plat n\u00b01<\/a><\/div>\n\n\n\n<div class=\"wp-block-button\"><a class=\"wp-block-button__link wp-element-button\" href=\"http:\/\/plumesdelles.org\/wp-content\/uploads\/2024\/06\/Montage-Final-Plat-Principal-2.mp3\">\u00c0 \u00e9couter Plat n\u00b02<\/a><\/div>\n\n\n\n<div class=\"wp-block-button\"><a class=\"wp-block-button__link wp-element-button\" href=\"http:\/\/plumesdelles.org\/wp-content\/uploads\/2024\/06\/Montage-Final-Plat-Principal-3.mp3\">\u00c0 \u00e9couter Plat n\u00b03<\/a><\/div>\n\n\n\n<div class=\"wp-block-button\"><a class=\"wp-block-button__link wp-element-button\" href=\"http:\/\/plumesdelles.org\/wp-content\/uploads\/2024\/06\/Montage-Final-Plat-Principal-4.mp3\">\u00c0 \u00e9couter Plat n\u00b04<\/a><\/div>\n\n\n\n<div class=\"wp-block-button\"><a class=\"wp-block-button__link wp-element-button\" href=\"http:\/\/plumesdelles.org\/wp-content\/uploads\/2024\/06\/Montage-Final-Plat-Principal-5.mp3\">\u00c0 \u00e9couter Plat n\u00b05<\/a><\/div>\n<\/div>\n\n\n\n<figure class=\"wp-block-image size-full is-resized\"><img loading=\"lazy\" decoding=\"async\" width=\"200\" height=\"200\" src=\"https:\/\/plumesdelles.org\/wp-content\/uploads\/2024\/05\/social-logo-1.png\" alt=\"\" class=\"wp-image-246\" style=\"width:89px;height:auto\" srcset=\"https:\/\/plumesdelles.org\/wp-content\/uploads\/2024\/05\/social-logo-1.png 200w, https:\/\/plumesdelles.org\/wp-content\/uploads\/2024\/05\/social-logo-1-150x150.png 150w\" sizes=\"auto, (max-width: 200px) 100vw, 200px\" \/><\/figure>\n\n\n\n<hr class=\"wp-block-separator has-alpha-channel-opacity is-style-wide\"\/>\n\n\n\n<div class=\"wp-block-group is-nowrap is-layout-flex wp-container-core-group-is-layout-6c531013 wp-block-group-is-layout-flex\">\n<p><strong><mark style=\"background-color:rgba(0, 0, 0, 0)\" class=\"has-inline-color has-custom-couleur-1-color\">Tableaux \u00e0 raconter \/ Passeport pour l&rsquo;Art 2023\/2024<\/mark><br>Avec la Mairie de Toulouse<\/strong><br>Des tableaux abstraits ou des paysages, des sensations, le bruit du vent ou de la mer. Entre po\u00e9sie et bruitage, des enfants racontent un tableau en quelques minutes d&rsquo;immersion sensible.<br><\/p>\n<\/div>\n\n\n\n<figure class=\"wp-block-image aligncenter size-full is-resized\"><img loading=\"lazy\" decoding=\"async\" width=\"768\" height=\"1024\" src=\"http:\/\/plumesdelles.org\/wp-content\/uploads\/2024\/05\/1.2-Chagall-jongleur.jpg\" alt=\"\" class=\"wp-image-272\" style=\"width:128px;height:auto\" srcset=\"https:\/\/plumesdelles.org\/wp-content\/uploads\/2024\/05\/1.2-Chagall-jongleur.jpg 768w, https:\/\/plumesdelles.org\/wp-content\/uploads\/2024\/05\/1.2-Chagall-jongleur-225x300.jpg 225w\" sizes=\"auto, (max-width: 768px) 100vw, 768px\" \/><\/figure>\n\n\n\n<div class=\"wp-block-buttons is-layout-flex wp-block-buttons-is-layout-flex\">\n<div class=\"wp-block-button\"><a class=\"wp-block-button__link wp-element-button\" href=\"http:\/\/plumesdelles.org\/wp-content\/uploads\/2024\/05\/tableau2-gr2.mp3\">\u00c0 \u00e9couter ici<\/a><\/div>\n<\/div>\n\n\n\n<figure class=\"wp-block-image aligncenter size-large is-resized\"><img loading=\"lazy\" decoding=\"async\" width=\"1024\" height=\"727\" src=\"http:\/\/plumesdelles.org\/wp-content\/uploads\/2024\/05\/1.14.-Le-Phare-1024x727.webp\" alt=\"\" class=\"wp-image-273\" style=\"width:196px;height:auto\" srcset=\"https:\/\/plumesdelles.org\/wp-content\/uploads\/2024\/05\/1.14.-Le-Phare-1024x727.webp 1024w, https:\/\/plumesdelles.org\/wp-content\/uploads\/2024\/05\/1.14.-Le-Phare-300x213.webp 300w, https:\/\/plumesdelles.org\/wp-content\/uploads\/2024\/05\/1.14.-Le-Phare-768x546.webp 768w, https:\/\/plumesdelles.org\/wp-content\/uploads\/2024\/05\/1.14.-Le-Phare-1170x831.webp 1170w, https:\/\/plumesdelles.org\/wp-content\/uploads\/2024\/05\/1.14.-Le-Phare.webp 1181w\" sizes=\"auto, (max-width: 1024px) 100vw, 1024px\" \/><\/figure>\n\n\n\n<div class=\"wp-block-buttons is-layout-flex wp-block-buttons-is-layout-flex\">\n<div class=\"wp-block-button\"><a class=\"wp-block-button__link wp-element-button\" href=\"http:\/\/plumesdelles.org\/wp-content\/uploads\/2024\/05\/tableau2-gr6.mp3\">\u00c0 \u00e9couter ici<\/a><\/div>\n<\/div>\n\n\n\n<figure class=\"wp-block-image size-full is-resized\"><img loading=\"lazy\" decoding=\"async\" width=\"150\" height=\"150\" src=\"http:\/\/plumesdelles.org\/wp-content\/uploads\/2024\/05\/logo_mairie.png\" alt=\"\" class=\"wp-image-47\" style=\"width:88px;height:auto\"\/><\/figure>\n\n\n\n<hr class=\"wp-block-separator has-alpha-channel-opacity is-style-wide\"\/>\n\n\n\n<div class=\"wp-block-group is-nowrap is-layout-flex wp-container-core-group-is-layout-6c531013 wp-block-group-is-layout-flex\">\n<p><strong><mark style=\"background-color:rgba(0, 0, 0, 0)\" class=\"has-inline-color has-custom-couleur-1-color\">Mots doux Mots fous 2021\/2022<\/mark><br>Avec Loisirs Education et Citoyennet\u00e9 Grand Sud<\/strong><br>Un groupe d\u2019enfants, des livres, des mots, un micro, et chacun selon son id\u00e9e, dire ce qu\u2019on voit, ce qu\u2019on imagine, inventer un monde de b\u00eates douces et de folles id\u00e9es\u2026! Accompagner avec des instruments de musique, pour des propositions infinies\u2026 Bulles sonores, chansons, tonnerres !<\/p>\n<\/div>\n\n\n\n<div class=\"wp-block-buttons is-layout-flex wp-block-buttons-is-layout-flex\">\n<div class=\"wp-block-button\"><a class=\"wp-block-button__link wp-element-button\" href=\"http:\/\/plumesdelles.org\/wp-content\/uploads\/2024\/05\/Chanson.mp3\">\u00c0 \u00e9couter ici<\/a><\/div>\n<\/div>\n\n\n\n<figure class=\"wp-block-image size-full is-resized\"><img loading=\"lazy\" decoding=\"async\" width=\"200\" height=\"200\" src=\"http:\/\/plumesdelles.org\/wp-content\/uploads\/2024\/05\/social-logo-1.png\" alt=\"\" class=\"wp-image-246\" style=\"width:104px;height:auto\" srcset=\"https:\/\/plumesdelles.org\/wp-content\/uploads\/2024\/05\/social-logo-1.png 200w, https:\/\/plumesdelles.org\/wp-content\/uploads\/2024\/05\/social-logo-1-150x150.png 150w\" sizes=\"auto, (max-width: 200px) 100vw, 200px\" \/><\/figure>\n\n\n\n<hr class=\"wp-block-separator has-alpha-channel-opacity is-style-wide\"\/>\n\n\n\n<p><strong><mark style=\"background-color:rgba(0, 0, 0, 0)\" class=\"has-inline-color has-custom-couleur-1-color\">Passeport pour l\u2019Art 2021\/2022<\/mark><br>Avec la Mairie de Toulouse<\/strong><br>Avec la classe de CM1\/CM2 de l\u2019\u00e9cole \u00e9l\u00e9mentaire Fran\u00e7oise L\u2019H\u00e9ritier.<br>Cr\u00e9ation de petites bulles sonores et po\u00e9tiques sur des lieux de l\u2019\u00e9cole\u2026<br><\/p>\n\n\n\n<figure class=\"wp-block-image aligncenter size-full is-resized\"><img loading=\"lazy\" decoding=\"async\" width=\"502\" height=\"504\" src=\"http:\/\/plumesdelles.org\/wp-content\/uploads\/2024\/05\/balade-en-mystere.png\" alt=\"\" class=\"wp-image-243\" style=\"width:185px;height:auto\" srcset=\"https:\/\/plumesdelles.org\/wp-content\/uploads\/2024\/05\/balade-en-mystere.png 502w, https:\/\/plumesdelles.org\/wp-content\/uploads\/2024\/05\/balade-en-mystere-300x300.png 300w, https:\/\/plumesdelles.org\/wp-content\/uploads\/2024\/05\/balade-en-mystere-150x150.png 150w\" sizes=\"auto, (max-width: 502px) 100vw, 502px\" \/><\/figure>\n\n\n\n<div class=\"wp-block-buttons is-layout-flex wp-block-buttons-is-layout-flex\">\n<div class=\"wp-block-button\"><a class=\"wp-block-button__link wp-element-button\" href=\"https:\/\/soundcloud.com\/plumes-delles\/balade-en-mystere?si=e03f402329cb49a8abb3816c3c3073bd&amp;utm_source=clipboard&amp;utm_medium=text&amp;utm_campaign=social_sharing\">\u00c0 \u00e9couter ici<\/a><\/div>\n<\/div>\n\n\n\n<figure class=\"wp-block-image size-full is-resized\"><img loading=\"lazy\" decoding=\"async\" width=\"150\" height=\"150\" src=\"http:\/\/plumesdelles.org\/wp-content\/uploads\/2024\/05\/logo_mairie.png\" alt=\"\" class=\"wp-image-47\" style=\"width:84px;height:auto\"\/><\/figure>\n\n\n\n<hr class=\"wp-block-separator has-alpha-channel-opacity is-style-wide\"\/>\n\n\n\n<p><mark style=\"background-color:rgba(0, 0, 0, 0)\" class=\"has-inline-color has-custom-couleur-1-color\"><strong>Venez le dire, venez l&rsquo;\u00e9crire!<\/strong> <strong>Parcours la\u00efque et citoyen 2020\/2021<\/strong><\/mark><strong><br>Avec le CD 31<\/strong><\/p>\n\n\n\n<p>Avec la classe UPE2A du coll\u00e8ge les Chalets, et leur professeure Madame Barberris.<br>Sur le th\u00e8me \u201cJe suis l\u00e0\u201d<\/p>\n\n\n\n<div class=\"wp-block-buttons is-layout-flex wp-block-buttons-is-layout-flex\">\n<div class=\"wp-block-button\"><a class=\"wp-block-button__link wp-element-button\" href=\"https:\/\/soundcloud.com\/plumes-delles\/plc-2022-college-anatole-france-classse-upe2a?si=61789425824446e082fd6d64947a161f&amp;utm_source=clipboard&amp;utm_medium=text&amp;utm_campaign=social_sharing\">\u00c0 \u00e9couter ici<\/a><\/div>\n<\/div>\n\n\n\n<figure class=\"wp-block-image size-large is-resized\"><img loading=\"lazy\" decoding=\"async\" width=\"592\" height=\"1024\" src=\"http:\/\/plumesdelles.org\/wp-content\/uploads\/2024\/05\/20150418094348Logo_CD31_haute_garonne-592x1024.png\" alt=\"\" class=\"wp-image-30\" style=\"width:60px;height:auto\" srcset=\"https:\/\/plumesdelles.org\/wp-content\/uploads\/2024\/05\/20150418094348Logo_CD31_haute_garonne-592x1024.png 592w, https:\/\/plumesdelles.org\/wp-content\/uploads\/2024\/05\/20150418094348Logo_CD31_haute_garonne-173x300.png 173w, https:\/\/plumesdelles.org\/wp-content\/uploads\/2024\/05\/20150418094348Logo_CD31_haute_garonne.png 688w\" sizes=\"auto, (max-width: 592px) 100vw, 592px\" \/><\/figure>\n\n\n\n<hr class=\"wp-block-separator has-alpha-channel-opacity is-style-wide\"\/>\n\n\n\n<p><strong><mark style=\"background-color:rgba(0, 0, 0, 0)\" class=\"has-inline-color has-custom-couleur-1-color\">Venez le dire, venez l&rsquo;\u00e9crire! Parcours la\u00efque et citoyen 2019\/2020<\/mark><br>Avec le CD 31<\/strong><br><br>A partir de po\u00e8mes de Pablo N\u00e9ruda, de Georges Cast\u00e9ra, de Jean-Pierre Sim\u00e9on, de Jacques Pr\u00e9vert, des coll\u00e9giens de 5\u00e8me du Coll\u00e8ge Maurice B\u00e9canne disent leur monde, leur d\u00e9sir de vivre ensemble, leur vision de la la\u00efcit\u00e9, de la citoyennet\u00e9, en mots, en rime et en musique.<\/p>\n\n\n\n<figure class=\"wp-block-image aligncenter size-full is-resized\"><img loading=\"lazy\" decoding=\"async\" width=\"500\" height=\"502\" src=\"https:\/\/plumesdelles.org\/wp-content\/uploads\/2024\/05\/Capture-decran-2024-05-13-a-09.29.02.png\" alt=\"\" class=\"wp-image-253\" style=\"width:151px;height:auto\" srcset=\"https:\/\/plumesdelles.org\/wp-content\/uploads\/2024\/05\/Capture-decran-2024-05-13-a-09.29.02.png 500w, https:\/\/plumesdelles.org\/wp-content\/uploads\/2024\/05\/Capture-decran-2024-05-13-a-09.29.02-300x300.png 300w, https:\/\/plumesdelles.org\/wp-content\/uploads\/2024\/05\/Capture-decran-2024-05-13-a-09.29.02-150x150.png 150w\" sizes=\"auto, (max-width: 500px) 100vw, 500px\" \/><\/figure>\n\n\n\n<div class=\"wp-block-buttons is-layout-flex wp-block-buttons-is-layout-flex\">\n<div class=\"wp-block-button\"><a class=\"wp-block-button__link wp-element-button\" href=\"https:\/\/soundcloud.com\/plumes-delles\/venez-le-dire-venez-lecrire?si=45d46dfabbf44b33942273c48ff14724&amp;utm_source=clipboard&amp;utm_medium=text&amp;utm_campaign=social_sharing\">\u00c0 \u00e9couter ici<\/a><\/div>\n<\/div>\n\n\n\n<figure class=\"wp-block-image size-large is-resized\"><img loading=\"lazy\" decoding=\"async\" width=\"592\" height=\"1024\" src=\"http:\/\/plumesdelles.org\/wp-content\/uploads\/2024\/05\/20150418094348Logo_CD31_haute_garonne-592x1024.png\" alt=\"\" class=\"wp-image-30\" style=\"width:67px;height:auto\" srcset=\"https:\/\/plumesdelles.org\/wp-content\/uploads\/2024\/05\/20150418094348Logo_CD31_haute_garonne-592x1024.png 592w, https:\/\/plumesdelles.org\/wp-content\/uploads\/2024\/05\/20150418094348Logo_CD31_haute_garonne-173x300.png 173w, https:\/\/plumesdelles.org\/wp-content\/uploads\/2024\/05\/20150418094348Logo_CD31_haute_garonne.png 688w\" sizes=\"auto, (max-width: 592px) 100vw, 592px\" \/><\/figure>\n\n\n\n<hr class=\"wp-block-separator has-alpha-channel-opacity is-style-wide\"\/>\n\n\n\n<p><strong><mark style=\"background-color:rgba(0, 0, 0, 0)\" class=\"has-inline-color has-custom-couleur-1-color\">Performance Po\u00e9sie sonore lettriste <br>Avec l&rsquo;Envol des Mots<\/mark><\/strong><\/p>\n\n\n\n<p>\u00c9coutez, c&rsquo;est beau, c&rsquo;est dit, c&rsquo;est \u00e9crit, et il n&rsquo;y a pas de mots, enfin si au contraire\u2026<br>Cr\u00e9ations de po\u00e9sie sonore lettriste enregistr\u00e9e<\/p>\n\n\n\n<figure class=\"wp-block-image size-large is-resized\"><img loading=\"lazy\" decoding=\"async\" width=\"1024\" height=\"808\" src=\"http:\/\/plumesdelles.org\/wp-content\/uploads\/2024\/05\/cse-airbus-operations-1024x808.png\" alt=\"\" class=\"wp-image-39\" style=\"width:99px;height:auto\" srcset=\"https:\/\/plumesdelles.org\/wp-content\/uploads\/2024\/05\/cse-airbus-operations-1024x808.png 1024w, https:\/\/plumesdelles.org\/wp-content\/uploads\/2024\/05\/cse-airbus-operations-300x237.png 300w, https:\/\/plumesdelles.org\/wp-content\/uploads\/2024\/05\/cse-airbus-operations-768x606.png 768w, https:\/\/plumesdelles.org\/wp-content\/uploads\/2024\/05\/cse-airbus-operations.png 1142w\" sizes=\"auto, (max-width: 1024px) 100vw, 1024px\" \/><\/figure>\n\n\n\n<div class=\"wp-block-buttons is-layout-flex wp-block-buttons-is-layout-flex\">\n<div class=\"wp-block-button\"><a class=\"wp-block-button__link wp-element-button\" href=\"http:\/\/plumesdelles.org\/wp-content\/uploads\/2024\/05\/Mathieu_Au-sommet-le-silence.mp3\">\u00c0 \u00e9couter ici<\/a><\/div>\n<\/div>\n\n\n\n<hr class=\"wp-block-separator has-alpha-channel-opacity is-style-wide\"\/>\n\n\n\n<p><strong><mark style=\"background-color:rgba(0, 0, 0, 0)\" class=\"has-inline-color has-custom-couleur-1-color\">Paroles d\u2019ailleurs, Histoires d\u2019ici<br>Exposition sons\/images\/textes CDEF <\/mark><\/strong><br><br>En partenariat avec le Conseil D\u00e9partemental de Haute-Garonne et la Fondation SNCF.<br>Cette exposition, accompagn\u00e9e d\u2019un livret\/CD, est le fruit d\u2019un travail d\u2019un an et demi men\u00e9 par la Compagnie Plumes d\u2019Elles avec les adolescents du Service d\u2019Accueil et d\u2019Activit\u00e9s de Jour (Saaj) du Centre D\u00e9partemental de l\u2019Enfance et de la Famille (Cdef) de Haute-Garonne.<br>Pour donner la parole \u00e0 toutes les aventures des adolescents qui arrivent au Saaj, nous avons choisi d\u2019explorer des proverbes, connus ou invent\u00e9s, et de les faire circuler d\u2019une culture \u00e0 l\u2019autre, d\u2019une langue \u00e0 l\u2019autre.<br>De ces proverbes, nous avons tir\u00e9 des histoires courtes, des contes, des chants\u2026 Autant de paroles d\u2019ailleurs, pour aller vers des histoires d\u2019ici\u2026<\/p>\n\n\n\n<div class=\"wp-block-columns is-layout-flex wp-container-core-columns-is-layout-28f84493 wp-block-columns-is-layout-flex\">\n<div class=\"wp-block-column is-layout-flow wp-block-column-is-layout-flow\" style=\"flex-basis:100%\">\n<figure class=\"wp-block-image aligncenter size-large is-resized\"><img loading=\"lazy\" decoding=\"async\" width=\"1024\" height=\"1013\" src=\"http:\/\/plumesdelles.org\/wp-content\/uploads\/2024\/05\/maquette-CDEF-1-1024x1013.jpg\" alt=\"\" class=\"wp-image-239\" style=\"width:178px;height:auto\" srcset=\"https:\/\/plumesdelles.org\/wp-content\/uploads\/2024\/05\/maquette-CDEF-1-1024x1013.jpg 1024w, https:\/\/plumesdelles.org\/wp-content\/uploads\/2024\/05\/maquette-CDEF-1-300x297.jpg 300w, https:\/\/plumesdelles.org\/wp-content\/uploads\/2024\/05\/maquette-CDEF-1-768x759.jpg 768w, https:\/\/plumesdelles.org\/wp-content\/uploads\/2024\/05\/maquette-CDEF-1-1170x1157.jpg 1170w, https:\/\/plumesdelles.org\/wp-content\/uploads\/2024\/05\/maquette-CDEF-1.jpg 1440w\" sizes=\"auto, (max-width: 1024px) 100vw, 1024px\" \/><\/figure>\n\n\n\n<div class=\"wp-block-columns is-layout-flex wp-container-core-columns-is-layout-28f84493 wp-block-columns-is-layout-flex\">\n<div class=\"wp-block-column is-layout-flow wp-block-column-is-layout-flow\"><\/div>\n\n\n\n<div class=\"wp-block-column is-layout-flow wp-block-column-is-layout-flow\"><\/div>\n<\/div>\n<\/div>\n<\/div>\n\n\n\n<div class=\"wp-block-buttons is-layout-flex wp-block-buttons-is-layout-flex\">\n<div class=\"wp-block-button\"><a class=\"wp-block-button__link wp-element-button\" href=\"https:\/\/soundcloud.com\/plumes-delles\/paroles-dailleurs-histoires-dici-extrait-3?si=aaa94f20091148e9a824301f61b617b5&amp;utm_source=clipboard&amp;utm_medium=text&amp;utm_campaign=social_sharing\">\u00c0 \u00e9couter ici<\/a><\/div>\n<\/div>\n\n\n\n<p><br>Avec la participation de : Diakit\u00e9, Abdoulaziz, Za\u00efn, Mujieeb, Dounia, Nhabintou, Ousman, Mamadou, Moustafa, Moussa, N\u2019Pali, Christiano, Imran, Omar, Isma\u00ebI, brahim, Azarias, J\u00e9r\u00e9my, Chancelle, Sherazade, Saghar, Max, Zia, Diego, Boubakar, Mamadi, Kally, Mehmoud, Alpha, Ayoub, Fred, Charles, Sir\u00e9, Angie, Christina, Morgan, Faten, Titouan, Anthony, Asef. Coordination : Rija Ratamara, avec l\u2019ensemble des \u00e9ducateurs du Cdef.<br><\/p>\n\n\n\n<div class=\"wp-block-group is-nowrap is-layout-flex wp-container-core-group-is-layout-6c531013 wp-block-group-is-layout-flex\">\n<figure class=\"wp-block-image size-large is-resized\"><img loading=\"lazy\" decoding=\"async\" width=\"592\" height=\"1024\" src=\"http:\/\/plumesdelles.org\/wp-content\/uploads\/2024\/05\/20150418094348Logo_CD31_haute_garonne-592x1024.png\" alt=\"\" class=\"wp-image-30\" style=\"width:96px;height:auto\" srcset=\"https:\/\/plumesdelles.org\/wp-content\/uploads\/2024\/05\/20150418094348Logo_CD31_haute_garonne-592x1024.png 592w, https:\/\/plumesdelles.org\/wp-content\/uploads\/2024\/05\/20150418094348Logo_CD31_haute_garonne-173x300.png 173w, https:\/\/plumesdelles.org\/wp-content\/uploads\/2024\/05\/20150418094348Logo_CD31_haute_garonne.png 688w\" sizes=\"auto, (max-width: 592px) 100vw, 592px\" \/><\/figure>\n\n\n\n<figure class=\"wp-block-image size-full is-resized\"><img loading=\"lazy\" decoding=\"async\" width=\"407\" height=\"293\" src=\"http:\/\/plumesdelles.org\/wp-content\/uploads\/2024\/05\/Logo-SAAJ.jpg\" alt=\"\" class=\"wp-image-46\" style=\"width:151px;height:auto\" srcset=\"https:\/\/plumesdelles.org\/wp-content\/uploads\/2024\/05\/Logo-SAAJ.jpg 407w, https:\/\/plumesdelles.org\/wp-content\/uploads\/2024\/05\/Logo-SAAJ-300x216.jpg 300w\" sizes=\"auto, (max-width: 407px) 100vw, 407px\" \/><\/figure>\n<\/div>\n\n\n\n<div class=\"wp-block-columns is-layout-flex wp-container-core-columns-is-layout-28f84493 wp-block-columns-is-layout-flex\">\n<div class=\"wp-block-column is-layout-flow wp-block-column-is-layout-flow\"><\/div>\n<\/div>\n","protected":false},"excerpt":{"rendered":"<p>Circuler entre paroles, \u00e9criture, sons, jeux de r\u00e9p\u00e9titions, cr\u00e9ativit\u00e9 litt\u00e9raire, invention de langages, partage \u00e0 haute voix, bruitage\u2026 Les capsules sonores ont pour objectif de dire, de partager, de favoriser la cr\u00e9ativit\u00e9 personnelle et collective, sans aucun pr\u00e9requis de niveau. Il suffit juste d\u2019avoir envie !Ce travail d\u2019interventions et de cr\u00e9ations partag\u00e9es peut s\u2019adresser \u00e0 [&hellip;]<\/p>\n","protected":false},"author":1,"featured_media":0,"parent":0,"menu_order":0,"comment_status":"closed","ping_status":"closed","template":"","meta":{"footnotes":""},"class_list":["post-218","page","type-page","status-publish","hentry"],"_links":{"self":[{"href":"https:\/\/plumesdelles.org\/index.php?rest_route=\/wp\/v2\/pages\/218","targetHints":{"allow":["GET"]}}],"collection":[{"href":"https:\/\/plumesdelles.org\/index.php?rest_route=\/wp\/v2\/pages"}],"about":[{"href":"https:\/\/plumesdelles.org\/index.php?rest_route=\/wp\/v2\/types\/page"}],"author":[{"embeddable":true,"href":"https:\/\/plumesdelles.org\/index.php?rest_route=\/wp\/v2\/users\/1"}],"replies":[{"embeddable":true,"href":"https:\/\/plumesdelles.org\/index.php?rest_route=%2Fwp%2Fv2%2Fcomments&post=218"}],"version-history":[{"count":44,"href":"https:\/\/plumesdelles.org\/index.php?rest_route=\/wp\/v2\/pages\/218\/revisions"}],"predecessor-version":[{"id":433,"href":"https:\/\/plumesdelles.org\/index.php?rest_route=\/wp\/v2\/pages\/218\/revisions\/433"}],"wp:attachment":[{"href":"https:\/\/plumesdelles.org\/index.php?rest_route=%2Fwp%2Fv2%2Fmedia&parent=218"}],"curies":[{"name":"wp","href":"https:\/\/api.w.org\/{rel}","templated":true}]}}