{"id":181,"date":"2024-05-12T18:06:41","date_gmt":"2024-05-12T16:06:41","guid":{"rendered":"https:\/\/plumesdelles.org\/?page_id=181"},"modified":"2024-05-12T21:20:36","modified_gmt":"2024-05-12T19:20:36","slug":"murmurophone","status":"publish","type":"page","link":"https:\/\/plumesdelles.org\/?page_id=181","title":{"rendered":"Murmurophone"},"content":{"rendered":"\n<div class=\"wp-block-columns is-layout-flex wp-container-core-columns-is-layout-09d11f25 wp-block-columns-is-layout-flex\" style=\"border-style:none;border-width:0px;border-radius:0px;margin-top:0;margin-bottom:0;padding-right:0;padding-left:0\">\n<div class=\"wp-block-column is-layout-flow wp-block-column-is-layout-flow\" style=\"flex-basis:66.66%\">\n<p class=\"has-text-align-left has-medium-font-size\" style=\"margin-top:0;margin-right:var(--wp--preset--spacing--60);margin-bottom:0;margin-left:var(--wp--preset--spacing--60);padding-top:0;padding-right:0;padding-bottom:0;padding-left:0\"><strong>Une cabine t\u00e9l\u00e9phonique centenaire<br>Des voix laiss\u00e9es l\u00e0, des mots \u00e0 saisir,<br>des histoires \u00e0 d\u00e9couvrir.<\/strong><\/p>\n<\/div>\n<\/div>\n\n\n\n<figure class=\"wp-block-image size-full\"><img loading=\"lazy\" decoding=\"async\" width=\"960\" height=\"490\" src=\"http:\/\/plumesdelles.org\/wp-content\/uploads\/2024\/05\/murmuro-1.jpg\" alt=\"\" class=\"wp-image-163\" srcset=\"https:\/\/plumesdelles.org\/wp-content\/uploads\/2024\/05\/murmuro-1.jpg 960w, https:\/\/plumesdelles.org\/wp-content\/uploads\/2024\/05\/murmuro-1-300x153.jpg 300w, https:\/\/plumesdelles.org\/wp-content\/uploads\/2024\/05\/murmuro-1-768x392.jpg 768w\" sizes=\"auto, (max-width: 960px) 100vw, 960px\" \/><\/figure>\n\n\n\n<h2 class=\"wp-block-heading\"><strong><strong>Entrez, d\u00e9crochez, \u00e9coutez, parlez !<\/strong><\/strong><\/h2>\n\n\n\n<p>\u00ab\u00a0Chaque parole sur ta bouche est un \u00e9cho m\u00e9lodieux<br>Quand ta voix meurt dans mon oreille, mon \u00e2me r\u00e9sonne et s\u2019\u00e9veille<br>Un souffle, un mot, puis un silence<br>C\u2019est assez\u00a0\u00bb<br><em>M\u00e9ditations po\u00e9tiques<\/em> \u2013 Lamartine<\/p>\n\n\n\n<hr class=\"wp-block-separator has-text-color has-background-color has-alpha-channel-opacity has-background-background-color has-background is-style-default\" style=\"margin-top:var(--wp--preset--spacing--20);margin-bottom:var(--wp--preset--spacing--20)\"\/>\n\n\n\n<figure class=\"wp-block-video\"><video height=\"1080\" style=\"aspect-ratio: 1920 \/ 1080;\" width=\"1920\" controls src=\"http:\/\/plumesdelles.org\/wp-content\/uploads\/2024\/05\/teaser-murmuro.mp4\"><\/video><\/figure>\n\n\n\n<p><strong><mark style=\"background-color:rgba(0, 0, 0, 0);color:#f30808\" class=\"has-inline-color\">Cr\u00e9ation<\/mark><\/strong> : Cie Plumes d\u2019Elles \u2013 St\u00e9phanie Fontez et St\u00e9phane Barascud<br><strong><mark style=\"background-color:rgba(0, 0, 0, 0);color:#f10505\" class=\"has-inline-color\">R\u00e9gie g\u00e9n\u00e9rale<\/mark><\/strong> : S\u00e9thavuth Horn<br><strong><mark style=\"background-color:rgba(0, 0, 0, 0);color:#f40606\" class=\"has-inline-color\">Production<\/mark><\/strong> : Cie Plumes d\u2019Elles \u2013 Fondation SNCF<br><strong><mark style=\"background-color:rgba(0, 0, 0, 0);color:#f30404\" class=\"has-inline-color\">Conception num\u00e9rique<\/mark><\/strong> : Le Diligent \u2013 C\u00e9dric Mialaret et Jean Roguin \/www.lediligent.com<br><strong><mark style=\"background-color:rgba(0, 0, 0, 0);color:#f20707\" class=\"has-inline-color\">Avec la participation de<\/mark><\/strong> : L\u2019arpavie, R\u00e9sidence La Pradine Colomiers, l&rsquo;association 7 Anim\u00e9s, et toutes celles, tous ceux qui, au fur et \u00e0 mesure, laissent leurs t\u00e9moignages\u2026<\/p>\n\n\n\n<div class=\"wp-block-group is-layout-constrained wp-block-group-is-layout-constrained\">\n<div class=\"wp-block-group is-layout-constrained wp-block-group-is-layout-constrained\">\n<div class=\"wp-block-group is-content-justification-space-between is-nowrap is-layout-flex wp-container-core-group-is-layout-cb46ffcb wp-block-group-is-layout-flex\">\n<div class=\"wp-block-buttons is-content-justification-center is-layout-flex wp-container-core-buttons-is-layout-a89b3969 wp-block-buttons-is-layout-flex\">\n<div class=\"wp-block-button is-style-outline is-style-outline--1\"><a class=\"wp-block-button__link wp-element-button\" href=\"http:\/\/plumesdelles.org\/wp-content\/uploads\/2024\/05\/dossier-murmurophone.pdf\" target=\"_blank\" rel=\"noreferrer noopener\">Le dossier<\/a><\/div>\n<\/div>\n\n\n\n<figure class=\"wp-block-image size-large is-resized\"><img loading=\"lazy\" decoding=\"async\" width=\"768\" height=\"1024\" src=\"http:\/\/plumesdelles.org\/wp-content\/uploads\/2024\/04\/PXL_20220112_184246553-768x1024.jpg\" alt=\"\" class=\"wp-image-13\" style=\"width:193px;height:auto\" srcset=\"https:\/\/plumesdelles.org\/wp-content\/uploads\/2024\/04\/PXL_20220112_184246553-768x1024.jpg 768w, https:\/\/plumesdelles.org\/wp-content\/uploads\/2024\/04\/PXL_20220112_184246553-225x300.jpg 225w, https:\/\/plumesdelles.org\/wp-content\/uploads\/2024\/04\/PXL_20220112_184246553-1152x1536.jpg 1152w, https:\/\/plumesdelles.org\/wp-content\/uploads\/2024\/04\/PXL_20220112_184246553-1536x2048.jpg 1536w, https:\/\/plumesdelles.org\/wp-content\/uploads\/2024\/04\/PXL_20220112_184246553-scaled.jpg 1920w\" sizes=\"auto, (max-width: 768px) 100vw, 768px\" \/><\/figure>\n<\/div>\n<\/div>\n<\/div>\n\n\n\n<ul class=\"wp-block-social-links aligncenter has-huge-icon-size is-layout-flex wp-block-social-links-is-layout-flex\"><\/ul>\n\n\n\n<div class=\"wp-block-group is-nowrap is-layout-flex wp-container-core-group-is-layout-6c531013 wp-block-group-is-layout-flex\">\n<figure class=\"wp-block-image size-large is-resized\"><img loading=\"lazy\" decoding=\"async\" width=\"1024\" height=\"169\" src=\"http:\/\/plumesdelles.org\/wp-content\/uploads\/2024\/05\/SNC_FondSNCF-1024x169.jpg\" alt=\"\" class=\"wp-image-51\" style=\"width:153px;height:auto\" srcset=\"https:\/\/plumesdelles.org\/wp-content\/uploads\/2024\/05\/SNC_FondSNCF-1024x169.jpg 1024w, https:\/\/plumesdelles.org\/wp-content\/uploads\/2024\/05\/SNC_FondSNCF-300x50.jpg 300w, https:\/\/plumesdelles.org\/wp-content\/uploads\/2024\/05\/SNC_FondSNCF-768x127.jpg 768w, https:\/\/plumesdelles.org\/wp-content\/uploads\/2024\/05\/SNC_FondSNCF-1536x254.jpg 1536w, https:\/\/plumesdelles.org\/wp-content\/uploads\/2024\/05\/SNC_FondSNCF-2048x339.jpg 2048w\" sizes=\"auto, (max-width: 1024px) 100vw, 1024px\" \/><\/figure>\n\n\n\n<figure class=\"wp-block-image size-full is-resized\"><img loading=\"lazy\" decoding=\"async\" width=\"365\" height=\"138\" src=\"http:\/\/plumesdelles.org\/wp-content\/uploads\/2024\/05\/images.png\" alt=\"\" class=\"wp-image-170\" style=\"width:149px;height:auto\" srcset=\"https:\/\/plumesdelles.org\/wp-content\/uploads\/2024\/05\/images.png 365w, https:\/\/plumesdelles.org\/wp-content\/uploads\/2024\/05\/images-300x113.png 300w\" sizes=\"auto, (max-width: 365px) 100vw, 365px\" \/><\/figure>\n\n\n\n<figure class=\"wp-block-image size-full is-resized\"><img loading=\"lazy\" decoding=\"async\" width=\"283\" height=\"283\" src=\"http:\/\/plumesdelles.org\/wp-content\/uploads\/2024\/05\/logo-7-A-copie.png\" alt=\"\" class=\"wp-image-44\" style=\"width:54px;height:auto\" srcset=\"https:\/\/plumesdelles.org\/wp-content\/uploads\/2024\/05\/logo-7-A-copie.png 283w, https:\/\/plumesdelles.org\/wp-content\/uploads\/2024\/05\/logo-7-A-copie-150x150.png 150w\" sizes=\"auto, (max-width: 283px) 100vw, 283px\" \/><\/figure>\n<\/div>\n","protected":false},"excerpt":{"rendered":"<p>Une cabine t\u00e9l\u00e9phonique centenaireDes voix laiss\u00e9es l\u00e0, des mots \u00e0 saisir,des histoires \u00e0 d\u00e9couvrir. Entrez, d\u00e9crochez, \u00e9coutez, parlez ! \u00ab\u00a0Chaque parole sur ta bouche est un \u00e9cho m\u00e9lodieuxQuand ta voix meurt dans mon oreille, mon \u00e2me r\u00e9sonne et s\u2019\u00e9veilleUn souffle, un mot, puis un silenceC\u2019est assez\u00a0\u00bbM\u00e9ditations po\u00e9tiques \u2013 Lamartine Cr\u00e9ation : Cie Plumes d\u2019Elles \u2013 [&hellip;]<\/p>\n","protected":false},"author":1,"featured_media":0,"parent":0,"menu_order":0,"comment_status":"closed","ping_status":"closed","template":"","meta":{"footnotes":""},"class_list":["post-181","page","type-page","status-publish","hentry"],"_links":{"self":[{"href":"https:\/\/plumesdelles.org\/index.php?rest_route=\/wp\/v2\/pages\/181","targetHints":{"allow":["GET"]}}],"collection":[{"href":"https:\/\/plumesdelles.org\/index.php?rest_route=\/wp\/v2\/pages"}],"about":[{"href":"https:\/\/plumesdelles.org\/index.php?rest_route=\/wp\/v2\/types\/page"}],"author":[{"embeddable":true,"href":"https:\/\/plumesdelles.org\/index.php?rest_route=\/wp\/v2\/users\/1"}],"replies":[{"embeddable":true,"href":"https:\/\/plumesdelles.org\/index.php?rest_route=%2Fwp%2Fv2%2Fcomments&post=181"}],"version-history":[{"count":22,"href":"https:\/\/plumesdelles.org\/index.php?rest_route=\/wp\/v2\/pages\/181\/revisions"}],"predecessor-version":[{"id":230,"href":"https:\/\/plumesdelles.org\/index.php?rest_route=\/wp\/v2\/pages\/181\/revisions\/230"}],"wp:attachment":[{"href":"https:\/\/plumesdelles.org\/index.php?rest_route=%2Fwp%2Fv2%2Fmedia&parent=181"}],"curies":[{"name":"wp","href":"https:\/\/api.w.org\/{rel}","templated":true}]}}